{"id":2339,"date":"2019-12-06T10:56:01","date_gmt":"2019-12-06T09:56:01","guid":{"rendered":"https:\/\/19digital.fr\/datenschutzrichtlinie\/"},"modified":"2024-08-24T10:14:47","modified_gmt":"2024-08-24T08:14:47","slug":"datenschutzrichtlinie","status":"publish","type":"page","link":"https:\/\/19digital.fr\/de\/datenschutzrichtlinie\/","title":{"rendered":"Datenschutzrichtlinie"},"content":{"rendered":"<div class=\"wpb-content-wrapper\"><p>[vc_row][vc_column][vc_column_text css=&#8220;&#8220;]<\/p>\n&#13;\n<h2 class=\"wp-block-heading\" style=\"text-align: justify;\">Datenschutzrichtlinie<\/h2>&#13;\n<ol style=\"text-align: justify;\">&#13;\n<li><strong> PROPRI\u00c9T\u00c9 ET RESPONSABILIT\u00c9 \u00c9DITORIALE<\/strong><\/li>&#13;\n<\/ol>&#13;\n<p style=\"text-align: justify;\">Le Site est la propri\u00e9t\u00e9 de la soci\u00e9t\u00e9 FINAE CONSEIL, Socie\u0301te\u0301 par actions simplifi\u00e9e au capital de 100 000 euros, enregistre\u0301e au RCS de Paris sous le nume\u0301ro 532442860, dont le sie\u0300ge social est 5 9rue des petits champs 75001 PARIS, repre\u0301sente\u0301e par Monsieur Philippe Gorce agissant en qualite\u0301 de Pre\u0301sident (ci-apr\u00e8s \u00ab 19 DIGITAL \u00bb).<\/p>&#13;\n<p style=\"text-align: justify;\">Pour fournir le Site, 19 DIGITAL doit collecter des Donn\u00e9es Personnelles qui sont n\u00e9cessaires \u00e0 son bon fonctionnement.<\/p>&#13;\n<p style=\"text-align: justify;\">La confidentialit\u00e9 de vos Donn\u00e9es Personnelles est d\u2019une importance capitale pour 19 DIGITAL, qui a impl\u00e9ment\u00e9 des r\u00e8gles et proc\u00e9dures strictes pour les prot\u00e9ger. Vous devez lire attentivement cette Politique de Confidentialit\u00e9 relative \u00e0 l\u2019usage des Donn\u00e9es Personnelles.<\/p>&#13;\n<p style=\"text-align: justify;\">Vous \u00eates parfaitement inform\u00e9 que les Donn\u00e9es Personnelles soumises et collect\u00e9es feront l\u2019objet d\u2019un traitement automatis\u00e9.<\/p>&#13;\n<ol style=\"text-align: justify;\" start=\"2\">&#13;\n<li><strong> D\u00c9FINITIONS<\/strong><\/li>&#13;\n<\/ol>&#13;\n<p style=\"text-align: justify;\">Dans le cadre de cette Politique de Confidentialit\u00e9, les d\u00e9finitions suivantes s\u2019appliqueront \u00e0 tous les termes d\u00e9butant par une majuscule, au singulier et au pluriel\u00a0:<\/p>&#13;\n<ul style=\"text-align: justify;\">&#13;\n<li><strong><span style=\"font-style: inherit;\">\u00ab CG\u00a0\u00bb<\/span><\/strong>ou\u00a0<strong><span style=\"font-style: inherit;\">\u00ab\u00a0Conditions G\u00e9n\u00e9rales\u00a0\u00bb\u00a0:<\/span><\/strong>\u00a0les conditions g\u00e9n\u00e9rales du Site, accessibles sur le Site.<\/li>&#13;\n<li><strong><span style=\"font-style: inherit;\">\u00ab\u00a0Donn\u00e9es Personnelles\u00a0\u00bb :<\/span><\/strong>les donn\u00e9es personnelles collect\u00e9es par 19 DIGITAL dans le cadre de votre utilisation du Site.<\/li>&#13;\n<li><strong><span style=\"font-style: inherit;\">\u00ab\u00a0Politique de Confidentialit\u00e9\u00a0\u00bb :<\/span><\/strong>le pr\u00e9sent document, qui vous informe des conditions applicables au traitement de vos donn\u00e9es personnelles au sein du Site.<\/li>&#13;\n<li><strong><span style=\"font-style: inherit;\">\u00ab\u00a0Utilisateur \u00bb<\/span><\/strong>ou\u00a0<strong><span style=\"font-style: inherit;\">\u00ab\u00a0vous\u00a0\u00bb<\/span><\/strong>\u00a0(avec ou sans majuscules) : vous, utilisateur du Site.<\/li>&#13;\n<li><strong><span style=\"font-style: inherit;\">\u00ab\u00a0Services \u00bb\u00a0:<\/span><\/strong>les services fournis par 19 DIGITAL sur le Site.<\/li>&#13;\n<li><strong><span style=\"font-style: inherit;\">\u00ab\u00a0Site \u00bb\u00a0:<\/span><\/strong>le site 19digital.fr et ses composants (code informatique, \u00e9l\u00e9ments graphiques, bases de donn\u00e9es, documentation, etc) \u00e9dit\u00e9 par la soci\u00e9t\u00e9 19 DIGITAL, sur lequel sont fournis les Services, ainsi que tout autre moyen d\u2019affichage du site (par exemple une application mobile).<\/li>&#13;\n<\/ul>&#13;\n<ol style=\"text-align: justify;\" start=\"3\">&#13;\n<li><strong> \u00c9TENDUE ET MODIFICATION DE LA POLITIQUE DE CONFIDENTIALIT\u00c9<\/strong><\/li>&#13;\n<\/ol>&#13;\n<p style=\"text-align: justify;\">3.1. Cette Politique de Confidentialit\u00e9 r\u00e9gule la collecte, le traitement et la divulgation de vos Donn\u00e9es Personnelles par 19 DIGITAL dans le cadre de la fourniture des Services. Elle vous informe \u00e9galement de votre droit d\u2019acc\u00e8s \u00e0 vos Donn\u00e9es Personnelles.<\/p>&#13;\n<p style=\"text-align: justify;\">3.2. L\u2019utilisation du Site supposent que vous preniez connaissance et acceptiez sans r\u00e9serve l\u2019int\u00e9gralit\u00e9 de la Politique de Confidentialit\u00e9.<\/p>&#13;\n<p style=\"text-align: justify;\">Cette acceptation sera exprim\u00e9e en cochant la case correspondant \u00e0 la phrase d&#8217;acceptation de la Politique de confidentialit\u00e9 lors de l\u2019inscription sur le Site, ayant par exemple la mention \u00ab\u00a0Je reconnais avoir lu et accept\u00e9 la Politique de confidentialit\u00e9 du Site \u00bb.<\/p>&#13;\n<p style=\"text-align: justify;\">Le fait de cocher cette case sera r\u00e9put\u00e9 avoir la m\u00eame valeur qu\u2019une signature manuscrite de votre part.<\/p>&#13;\n<p style=\"text-align: justify;\">3.3. 19 DIGITAL se r\u00e9serve le droit de modifier \u00e0 tout moment la Politique de Confidentialit\u00e9 en publiant une nouvelle version sur le Site, en vous le notifiant par courriel ou par une notification \u00e0 votre connexion suivante sur le Site.<\/p>&#13;\n<p style=\"text-align: justify;\">En l\u2019absence d\u2019acceptation de la Politique de Confidentialit\u00e9 modifi\u00e9e, vous pouvez mettre en \u0153uvre votre droit de refus en proc\u00e9dant \u00e0 la suppression de votre Compte Utilisateur sur le Site. Avant cette suppression de Compte Utilisateur, Vous aurez la possibilit\u00e9 de r\u00e9cup\u00e9rer vos donn\u00e9es.<\/p>&#13;\n<p style=\"text-align: justify;\">La Politique de Confidentialit\u00e9 applicable \u00e0 l\u2019utilisation du Site est celle en vigueur \u00e0 la date d\u2019utilisation.<\/p>&#13;\n<p style=\"text-align: justify;\">Elle est applicable \u00e0 tous les Utilisateurs du Site, quel que soit leur pays d\u2019origine et d\u2019utilisation.<\/p>&#13;\n<p style=\"text-align: justify;\">3.4. Si vous cliquez sur un lien qui vous am\u00e8ne vers un autre site, ce site peut avoir une politique de confidentialit\u00e9 diff\u00e9rente et 19 DIGITAL n\u2019engagera pas sa responsabilit\u00e9 pour celles-ci.<\/p>&#13;\n<ol style=\"text-align: justify;\" start=\"4\">&#13;\n<li><strong> LA COLLECTE DES DONN\u00c9ES PERSONNELLES<\/strong><\/li>&#13;\n<\/ol>&#13;\n<p style=\"text-align: justify;\">19 DIGITAL peut collecter vos Donn\u00e9es Personnelles de diff\u00e9rentes mani\u00e8res lors de l\u2019utilisation du Site\u00a0:<\/p>&#13;\n<ul style=\"text-align: justify;\">&#13;\n<li>Lorsque vous remplissez un formulaire sur le Site (cr\u00e9ation et \u00e9dition de Compte Utilisateur, \u00e9changes entre diff\u00e9rents Utilisateurs, paiement, etc),<\/li>&#13;\n<li>Lorsque vous utilisez le Site,<\/li>&#13;\n<li>Lorsque vous informez 19 DIGITAL d\u2019un probl\u00e8me d\u2019utilisation du Site,<\/li>&#13;\n<li>Lorsque vous contactez 19 DIGITAL<\/li>&#13;\n<\/ul>&#13;\n<ol style=\"text-align: justify;\" start=\"5\">&#13;\n<li><strong> QUELLES SONT LES DONN\u00c9ES PERSONNELLES COLLECT\u00c9ES ?<\/strong><\/li>&#13;\n<\/ol>&#13;\n<p style=\"text-align: justify;\">19 DIGITAL peut collecter les Donn\u00e9es Personnelles suivantes, si vous les lui avez fournies :<\/p>&#13;\n<ul style=\"text-align: justify;\">&#13;\n<li>Vos coordonn\u00e9es et informations (nom, adresse mail, num\u00e9ro de t\u00e9l\u00e9phone, \u00e2ge\/date de naissance, adresse, etc)\u00a0;<\/li>&#13;\n<li>Vos informations de connexion (adresse IP, type de navigateur, lieu et heure de connexion, identifiant de votre terminal, etc)\u00a0;<\/li>&#13;\n<li>D\u00e9tail de votre utilisation du Site, notamment au moyen de cookies, ce qui inclut par exemple\u00a0: quantit\u00e9 de donn\u00e9es re\u00e7ues, pages vues, actions effectu\u00e9es sur le Site etc\u00a0;<\/li>&#13;\n<li>Informations \u00e9chang\u00e9es sur le Site (Contenus, messages, etc).<\/li>&#13;\n<\/ul>&#13;\n<p style=\"text-align: justify;\">Ces Donn\u00e9es Personnelles sont n\u00e9cessaires \u00e0 la bonne ex\u00e9cution de ses obligations contractuelle par 19 DIGITAL.<\/p>&#13;\n<ol style=\"text-align: justify;\" start=\"7\">&#13;\n<li><strong> COOKIES<\/strong><\/li>&#13;\n<\/ol>&#13;\n<p style=\"text-align: justify;\">Pour g\u00e9rer les cookies et les technologies similaires utilis\u00e9es (&#8222;tracking pixels&#8220;, &#8222;web beacons&#8220;, etc.) et les consentements correspondants, nous utilisons l&#8217;outil de consentement &#8222;Real Cookie Banner&#8220;. Vous trouverez des d\u00e9tails sur le fonctionnement de &#8222;Real Cookie Banner&#8220; \u00e0 l&#8217;adresse <a href=\"https:\/\/devowl.io\/rcb\/data-processing\/\" target=\"_blank\" rel=\"noopener\">https:\/\/devowl.io\/rcb\/data-processing\/<\/a>.<\/p>&#13;\n<p style=\"text-align: justify;\">La base juridique du traitement des donn\u00e9es \u00e0 caract\u00e8re personnel dans ce contexte est l&#8217;art. 6 (1) lit. c du RGPD et Art. 6 (1) lit. f RGPD. Notre int\u00e9r\u00eat l\u00e9gitime est la gestion des cookies et des technologies similaires utilis\u00e9es et des consentements correspondants.<\/p>&#13;\n<p style=\"text-align: justify;\">La fourniture de donn\u00e9es \u00e0 caract\u00e8re personnel n&#8217;est ni exig\u00e9e contractuellement ni n\u00e9cessaire \u00e0 la conclusion d&#8217;un contrat. Vous n&#8217;\u00eates pas oblig\u00e9 de fournir les donn\u00e9es \u00e0 caract\u00e8re personnel. Si vous ne fournissez pas les donn\u00e9es personnelles, nous ne serons pas en mesure de g\u00e9rer vos consentements.<\/p>&#13;\n<ol style=\"text-align: justify;\" start=\"8\">&#13;\n<li><strong> QUEL USAGE ?<\/strong><\/li>&#13;\n<\/ol>&#13;\n<p style=\"text-align: justify;\">Les Donn\u00e9es Personnelles sont collect\u00e9es pour permettre \u00e0 19 DIGITAL de remplir ses obligations contractuelles vis-\u00e0-vis de vous, et notamment de :<\/p>&#13;\n<ul style=\"text-align: justify;\">&#13;\n<li>Permettre le fonctionnement du Site,<\/li>&#13;\n<li>Fournir les Services,<\/li>&#13;\n<li>Fournir une exp\u00e9rience personnalis\u00e9e,<\/li>&#13;\n<li>G\u00e9rer votre utilisation du Site,<\/li>&#13;\n<li>Am\u00e9liorer le Site,<\/li>&#13;\n<li>Fournir le support \u00e0 l\u2019utilisation du Site,<\/li>&#13;\n<li>V\u00e9rifier votre identit\u00e9,<\/li>&#13;\n<li>R\u00e9soudre les litiges li\u00e9s au Site,<\/li>&#13;\n<li>Vous notifier des changements relatifs au Site.<\/li>&#13;\n<\/ul>&#13;\n<p style=\"text-align: justify;\">Sur accord sp\u00e9cifique de votre part, les Donn\u00e9es Personnelles peuvent \u00e9galement \u00eatre utilis\u00e9es afin de vous informer de l\u2019actualit\u00e9 commerciale de 19 DIGITAL.<\/p>&#13;\n<ol style=\"text-align: justify;\" start=\"9\">&#13;\n<li><strong> LIEU DE STOCKAGE DES DONN\u00c9ES<\/strong><\/li>&#13;\n<\/ol>&#13;\n<p style=\"text-align: justify;\">Les Donn\u00e9es Personnelles collect\u00e9es sont stock\u00e9es au sein de l\u2019Union Europ\u00e9enne, par un prestataire qui applique les standards de l\u2019industrie en mati\u00e8re de s\u00e9curit\u00e9 informatique.<\/p>&#13;\n<p style=\"text-align: justify;\">Aucune donn\u00e9e ne sera transf\u00e9r\u00e9e hors de l\u2019Union Europ\u00e9enne.<\/p>&#13;\n<ol style=\"text-align: justify;\" start=\"10\">&#13;\n<li><strong> DIVULGATION DES DONN\u00c9ES PERSONNELLES<\/strong><\/li>&#13;\n<\/ol>&#13;\n<p style=\"text-align: justify;\">Les Donn\u00e9es Personnelles ne seront jamais c\u00e9d\u00e9es \u00e0 un tiers sans votre accord pr\u00e9alable.<\/p>&#13;\n<p style=\"text-align: justify;\">19 DIGITAL pourra toutefois c\u00e9der vos Donn\u00e9es Personnelles dans les conditions :<\/p>&#13;\n<ul style=\"text-align: justify;\">&#13;\n<li>Si 19 DIGITAL est rachet\u00e9e par un tiers, auquel cas les Donn\u00e9es Personnelles seront transf\u00e9r\u00e9es \u00e0 l\u2019acheteur, qui sera substitu\u00e9 \u00e0 19 DIGITAL dans l\u2019application de cette Politique de Confidentialit\u00e9.<\/li>&#13;\n<li>Si 19 DIGITAL est tenue de transmettre les Donn\u00e9es Personnelles en r\u00e9ponse \u00e0 une obligation l\u00e9gale.<\/li>&#13;\n<\/ul>&#13;\n<ol style=\"text-align: justify;\" start=\"11\">&#13;\n<li><strong> S\u00c9CURIT\u00c9 DES DONN\u00c9ES PERSONNELLES<\/strong><\/li>&#13;\n<\/ol>&#13;\n<p style=\"text-align: justify;\">19 DIGITAL s\u2019assure que vos donn\u00e9es sont stock\u00e9es dans des conditions respectant les standards de l\u2019industrie.<\/p>&#13;\n<p style=\"text-align: justify;\">19 DIGITAL s\u2019assure que ses employ\u00e9s et prestataires charg\u00e9s de traiter les Donn\u00e9es Personnelles soient soumis \u00e0 une obligation de confidentialit\u00e9 appropri\u00e9e.<\/p>&#13;\n<p style=\"text-align: justify;\">En cas d\u2019atteinte aux Donn\u00e9es Personnelles, 19 DIGITAL vous en informera dans les meilleurs d\u00e9lais.<\/p>&#13;\n<p style=\"text-align: justify;\">19 DIGITAL stockera vos Donn\u00e9es Personnelles pour la dur\u00e9e de validit\u00e9 du Compte Utilisateur.<\/p>&#13;\n<p style=\"text-align: justify;\">Si votre Compte Utilisateur n\u2019est plus actif depuis plus d\u2019un (1) an (date de dernier login), ou en cas de suppression de votre Compte Utilisateur par vos soins, les Donn\u00e9es Personnelles seront supprim\u00e9es automatiquement.<\/p>&#13;\n<p style=\"text-align: justify;\">Dans ce cas, 19 DIGITAL supprimera toutes vos Donn\u00e9es Personnelles, \u00e0 l\u2019exception de celles qui sont strictement n\u00e9cessaires au maintien de sa comptabilit\u00e9 commerciale et au respect de ses obligations l\u00e9gales.<\/p>&#13;\n<ol style=\"text-align: justify;\" start=\"12\">&#13;\n<li><strong> DROIT DES UTILISATEURS<\/strong><\/li>&#13;\n<\/ol>&#13;\n<p style=\"text-align: justify;\">Conform\u00e9ment \u00e0 la Loi Informatique et Libert\u00e9s et au RGPD, vous disposez des droits suivants pour toutes les Donn\u00e9es Personnelles transmises \u00e0 19 DIGITAL :<\/p>&#13;\n<ul style=\"text-align: justify;\">&#13;\n<li>Droit d\u2019acc\u00e8s,<\/li>&#13;\n<li>Droit de rectification\u00a0et de modification,<\/li>&#13;\n<li>Droit de limiter le traitement,<\/li>&#13;\n<li>Droit d\u2019opposition,<\/li>&#13;\n<li>Droit de portabilit\u00e9.<\/li>&#13;\n<\/ul>&#13;\n<p style=\"text-align: justify;\">Vous pouvez exercer ces droits en contactant 19 DIGITAL \u00e0 l\u2019adresse de contact suivante : 19 DIGITAL &#8211; 1 impasse du Palais &#8211; 37000 TOURS<\/p>&#13;\n<p style=\"text-align: justify;\">Vous pouvez fournir des instructions quant au traitement de vos Donn\u00e9es Personnelles en cas de d\u00e9c\u00e8s.<\/p>&#13;\n<p style=\"text-align: justify;\">Conform\u00e9ment \u00e0 ses obligations l\u00e9gales, 19 DIGITAL s\u2019ex\u00e9cutera dans un d\u00e9lai maximal d\u2019un (1) mois \u00e0 compter de la r\u00e9ception de la demande.<\/p>&#13;\n<ol style=\"text-align: justify;\" start=\"13\">&#13;\n<li><strong> LOI APPLICABLE ET LITIGES<\/strong><\/li>&#13;\n<\/ol>&#13;\n<p style=\"text-align: justify;\">La loi applicable aux pr\u00e9sentes est la loi fran\u00e7aise, quel que soit votre pays d\u2019origine.<\/p>&#13;\n<p style=\"text-align: justify;\">La Politique de confidentialit\u00e9 est r\u00e9dig\u00e9e en fran\u00e7ais, et la version fran\u00e7aise fera foi m\u00eame en cas de traduction dans une autre langue.<\/p>&#13;\n<p style=\"text-align: justify;\">Vous pouvez soumettre \u00e0 la CNIL tout litige relatif \u00e0 l\u2019ex\u00e9cution ou l\u2019interpr\u00e9tation de la Politique de Confidentialit\u00e9, non r\u00e9solu \u00e0 l\u2019amiable entre les Parties.<\/p>&#13;\n<p style=\"text-align: justify;\">Il pourra \u00e9galement \u00eatre soumis au tribunal comp\u00e9tent du si\u00e8ge de 19 DIGITAL, y compris en mati\u00e8re de r\u00e9f\u00e9r\u00e9, d\u2019un appel en garantie ou d\u2019une pluralit\u00e9 de d\u00e9fendeurs, et quel que soit votre pays d\u2019origine.<\/p>&#13;\n<p style=\"text-align: justify;\"><\/p><\/p>\n<p>[\/vc_column_text][\/vc_column][\/vc_row]<\/p>\n<\/div>","protected":false},"excerpt":{"rendered":"<p>[vc_row][vc_column][vc_column_text css=&#8220;&#8220;] &#13; Datenschutzrichtlinie &#13; &#13; PROPRI\u00c9T\u00c9 ET RESPONSABILIT\u00c9 \u00c9DITORIALE &#13; &#13; Le Site est la propri\u00e9t\u00e9 de la soci\u00e9t\u00e9 FINAE CONSEIL, Socie\u0301te\u0301 par actions simplifi\u00e9e au capital de 100 000 euros, enregistre\u0301e au RCS de Paris sous le nume\u0301ro 532442860, dont le sie\u0300ge social est 5 9rue des petits champs 75001 PARIS, repre\u0301sente\u0301e par&hellip;<\/p>\n","protected":false},"author":1,"featured_media":0,"parent":0,"menu_order":0,"comment_status":"closed","ping_status":"open","template":"template-microsite.php","meta":{"footnotes":""},"class_list":["post-2339","page","type-page","status-publish","hentry","description-off"],"_links":{"self":[{"href":"https:\/\/19digital.fr\/de\/wp-json\/wp\/v2\/pages\/2339","targetHints":{"allow":["GET"]}}],"collection":[{"href":"https:\/\/19digital.fr\/de\/wp-json\/wp\/v2\/pages"}],"about":[{"href":"https:\/\/19digital.fr\/de\/wp-json\/wp\/v2\/types\/page"}],"author":[{"embeddable":true,"href":"https:\/\/19digital.fr\/de\/wp-json\/wp\/v2\/users\/1"}],"replies":[{"embeddable":true,"href":"https:\/\/19digital.fr\/de\/wp-json\/wp\/v2\/comments?post=2339"}],"version-history":[{"count":1,"href":"https:\/\/19digital.fr\/de\/wp-json\/wp\/v2\/pages\/2339\/revisions"}],"predecessor-version":[{"id":2341,"href":"https:\/\/19digital.fr\/de\/wp-json\/wp\/v2\/pages\/2339\/revisions\/2341"}],"wp:attachment":[{"href":"https:\/\/19digital.fr\/de\/wp-json\/wp\/v2\/media?parent=2339"}],"curies":[{"name":"wp","href":"https:\/\/api.w.org\/{rel}","templated":true}]}}