{"id":2614,"date":"2020-12-07T10:00:38","date_gmt":"2020-12-07T09:00:38","guid":{"rendered":"https:\/\/19digital.fr\/kommunikation\/"},"modified":"2024-08-24T10:16:23","modified_gmt":"2024-08-24T08:16:23","slug":"kommunikation","status":"publish","type":"page","link":"https:\/\/19digital.fr\/de\/kommunikation\/","title":{"rendered":"Kommunikation"},"content":{"rendered":"<div class=\"wpb-content-wrapper\"><p>[vc_row css=&#8220;.vc_custom_1607250176357{margin-top: -24px !important;margin-bottom: 12px !important;}&#8220;][vc_column css=&#8220;.vc_custom_1607250032867{margin-top: -24px !important;margin-bottom: -24px !important;}&#8220;]<div class=\" ubtn-ctn-center \"><button type=\"button\" id=\"ubtn-4582\"  class=\"ubtn ult-adjust-bottom-margin ult-responsive ubtn-custom ubtn-no-hover-bg  none  ubtn-shd  ubtn-center  shd-bottom tooltip-69d4fc7ae3d91\"  data-hover=\"\" data-border-color=\"\" data-bg=\"#518fa5\" data-hover-bg=\"\" data-border-hover=\"\" data-shadow-hover=\"0 1px #000000;\" data-shadow-click=\"none\" data-shadow=\"0 1px #000000;\" data-shd-shadow=\"1\"  data-ultimate-target='#ubtn-4582'  data-responsive-json-new='{\"font-size\":\"desktop:24px;\",\"line-height\":\"\"}'  style=\"font-family:&#039;Roboto&#039;;font-weight:bold;width:230px;min-height:50px;padding:px px;border:none;box-shadow: 0 1px #000000;background: #518fa5;color: #ffffff;\"><span class=\"ubtn-hover\" style=\"background-color:\"><\/span><span class=\"ubtn-data ubtn-text \" >KOMMUNIKATION<\/span><\/button><\/div>[\/vc_column][\/vc_row][vc_row][vc_column]<div id=\"ultimate-heading-738169d4fc7ae3f80\" class=\"uvc-heading ult-adjust-bottom-margin ultimate-heading-738169d4fc7ae3f80 uvc-1320 \" data-hspacer=\"line_with_icon\" data-hline_width=\"120\" data-hicon_type=\"selector\" data-hborder_style=\"solid\" data-hborder_height=\"3\" data-hborder_color=\"#f3615a\" data-icon_width=\"18\" data-hfixer=\"10\"  data-halign=\"center\" style=\"text-align:center\"><div class=\"uvc-main-heading ult-responsive\"  data-ultimate-target='.uvc-heading.ultimate-heading-738169d4fc7ae3f80 h1'  data-responsive-json-new='{\"font-size\":\"desktop:42px;mobile_landscape:34px;\",\"line-height\":\"desktop:52px;mobile_landscape:44px;\"}' ><h1 style=\"font-weight:bold;\">Pflegen Sie Ihr Markenimage<\/h1><\/div><div class=\"uvc-heading-spacer line_with_icon\" style=\"topheight:18px;\"><div class=\"ult-just-icon-wrapper  \"><div class=\"align-icon\" style=\"text-align:center;\">\n<div class=\"aio-icon none \"  style=\"color:#f3615a;font-size:18px;display:inline-block;\">\n\t<i class=\"icomoon-font-awesome-14x14-chevron-down\"><\/i>\n<\/div><\/div><\/div><\/div><\/div>[vc_row_inner][vc_column_inner width=&#8220;1\/2&#8243;][vc_empty_space height=&#8220;24px&#8220;][vc_empty_space height=&#8220;24px&#8220;][vc_column_text]<\/p>\n<p style=\"text-align: justify;\">In einem Umfeld starken Wettbewerbs muss jedes Unternehmen versuchen, sich in den Augen seiner Kunden oder potenziellen Kunden zu differenzieren.<br \/>\nDies geschieht durch die Verbesserung des <strong>Markenimages<\/strong>. <\/p>\n<p style=\"text-align: justify;\">Wenn die Wahrnehmung Ihrer Marke positiv ist, f\u00f6rdert dies das Umsatzwachstum.<\/p>\n<p style=\"text-align: justify;\">Die Arbeit an Ihrem Markenimage im Vorfeld erm\u00f6glicht eine koh\u00e4rente Kommunikation, indem ein bestimmtes Publikum angesprochen und ma\u00dfgeschneiderte Werbekampagnen durchgef\u00fchrt werden.<\/p>\n<p style=\"text-align: justify;\">Die \u00d6ffentlichkeit wird die gesamte Pers\u00f6nlichkeit Ihrer Marke wahrnehmen, indem sie die spezifischen Zeichen, die Sie in jede Botschaft\/Kommunikation einf\u00fcgen, entschl\u00fcsselt.<\/p>\n<p>[\/vc_column_text][\/vc_column_inner][vc_column_inner width=&#8220;1\/2&#8243;][vc_empty_space height=&#8220;24px&#8220;][vc_single_image image=&#8220;1796&#8243; img_size=&#8220;full&#8220; alignment=&#8220;center&#8220; image_hovers=&#8220;false&#8220;][\/vc_column_inner][\/vc_row_inner][\/vc_column][\/vc_row][vc_row full_width=&#8220;stretch_row&#8220; bg_type=&#8220;bg_color&#8220; css=&#8220;.vc_custom_1607320684642{margin-top: 48px !important;background-color: #f2f2f2 !important;}&#8220; bg_color_value=&#8220;#f9f9f9&#8243;][vc_column][vc_empty_space height=&#8220;24px&#8220;]<div id=\"ultimate-heading-837169d4fc7ae4058\" class=\"uvc-heading ult-adjust-bottom-margin ultimate-heading-837169d4fc7ae4058 uvc-9273 \" data-hspacer=\"line_with_icon\" data-hline_width=\"120\" data-hicon_type=\"selector\" data-hborder_style=\"solid\" data-hborder_height=\"3\" data-hborder_color=\"#f3615a\" data-icon_width=\"18\" data-hfixer=\"10\"  data-halign=\"center\" style=\"text-align:center\"><div class=\"uvc-main-heading ult-responsive\"  data-ultimate-target='.uvc-heading.ultimate-heading-837169d4fc7ae4058 h1'  data-responsive-json-new='{\"font-size\":\"desktop:42px;mobile_landscape:34px;\",\"line-height\":\"desktop:52px;mobile_landscape:44px;\"}' ><h1 style=\"font-weight:bold;\">Das Angebot 19 DIGITAL<\/h1><\/div><div class=\"uvc-heading-spacer line_with_icon\" style=\"margin-bottom:24px;height:18px;\"><div class=\"ult-just-icon-wrapper  \"><div class=\"align-icon\" style=\"text-align:center;\">\n<div class=\"aio-icon none \"  style=\"color:#f3615a;font-size:18px;display:inline-block;\">\n\t<i class=\"icomoon-font-awesome-14x14-chevron-down\"><\/i>\n<\/div><\/div><\/div><\/div><\/div>[vc_tta_accordion style=&#8220;modern&#8220; color=&#8220;peacoc&#8220; c_icon=&#8220;chevron&#8220; active_section=&#8220;1&#8243; collapsible_all=&#8220;true&#8220;][vc_tta_section title=&#8220;Arbeit an Ihrem Markenimage&#8220; tab_id=&#8220;1607271665341-02396173-bcc7&#8243;][vc_column_text]<img loading=\"lazy\" decoding=\"async\" class=\"wp-image-1803 size-full aligncenter\" src=\"https:\/\/19digital.fr\/wp-content\/uploads\/2020\/12\/AdobeStock_247320461.jpeg\" alt=\"\" width=\"500\" height=\"333\" srcset=\"https:\/\/19digital.fr\/wp-content\/uploads\/2020\/12\/AdobeStock_247320461.jpeg 500w, https:\/\/19digital.fr\/wp-content\/uploads\/2020\/12\/AdobeStock_247320461-300x200.jpeg 300w\" sizes=\"auto, (max-width: 500px) 100vw, 500px\" \/><\/p>\n<p style=\"text-align: justify;\">Das Markenimage bezeichnet die Gesamtheit der mentalen\/affektiven Vorstellungen und Werturteile, die mit einem Unternehmen oder einer Marke verbunden sind.<br \/>\nDas Konzept des Markenimages kann mit dem Begriff der Reputation verglichen werden. <\/p>\n<p style=\"text-align: justify;\">Im Laufe der Jahre hat sich das Marketing von einer produktzentrierten Vision zu einer kundenzentrierten Vision entwickelt.<\/p>\n<p style=\"text-align: justify;\">Es kommt nicht so sehr darauf an, gute Produkte anzubieten, sondern Produkte, die von den Kunden gesch\u00e4tzt werden, weil sie auf ihre Bed\u00fcrfnisse zugeschnitten sind.<\/p>\n<p style=\"text-align: justify;\">19 DIGITAL erm\u00f6glicht es Ihnen, Ihr Markenimage zu verbessern, indem Sie zun\u00e4chst Instrumente zur Messung der Kundenzufriedenheit einsetzen und dann Empfehlungen formulieren.<\/p>\n<p>[\/vc_column_text][\/vc_tta_section][vc_tta_section title=&#8220;Gestaltung der verschiedenen Botschaften, die vermittelt werden sollen&#8220; tab_id=&#8220;1607271665368-05e4f1c7-e52e&#8220;][vc_column_text]<img loading=\"lazy\" decoding=\"async\" class=\"wp-image-1804 size-full aligncenter\" src=\"https:\/\/19digital.fr\/wp-content\/uploads\/2020\/12\/AdobeStock_122735259.jpeg\" alt=\"\" width=\"500\" height=\"333\" srcset=\"https:\/\/19digital.fr\/wp-content\/uploads\/2020\/12\/AdobeStock_122735259.jpeg 500w, https:\/\/19digital.fr\/wp-content\/uploads\/2020\/12\/AdobeStock_122735259-300x200.jpeg 300w\" sizes=\"auto, (max-width: 500px) 100vw, 500px\" \/><\/p>\n<p style=\"text-align: justify;\">Die Kommunikationsbotschaften\/-aktionen m\u00fcssen in koh\u00e4rente Kommunikationspl\u00e4ne mit klaren Zielen eingebettet sein.<\/p>\n<p style=\"text-align: justify;\">19 DIGITAL schl\u00e4gt Ihnen verschiedene Szenarien f\u00fcr Kommunikationspl\u00e4ne vor und erl\u00e4utert die unterschiedlichen Interessen der einen und der anderen Seite.<\/p>\n<p>[\/vc_column_text][\/vc_tta_section][vc_tta_section title=&#8220;Abstimmung des visuellen Designs und der Inhalte&#8220; tab_id=&#8220;1607271676047-84b70585-23eb&#8220;][vc_column_text]<img loading=\"lazy\" decoding=\"async\" class=\"wp-image-1806 size-full aligncenter\" src=\"https:\/\/19digital.fr\/wp-content\/uploads\/2020\/12\/AdobeStock_171405343.jpeg\" alt=\"\" width=\"500\" height=\"333\" srcset=\"https:\/\/19digital.fr\/wp-content\/uploads\/2020\/12\/AdobeStock_171405343.jpeg 500w, https:\/\/19digital.fr\/wp-content\/uploads\/2020\/12\/AdobeStock_171405343-300x200.jpeg 300w\" sizes=\"auto, (max-width: 500px) 100vw, 500px\" \/><\/p>\n<p style=\"text-align: justify;\">Die Grafikcharta ist eine Reihe von visuellen Elementen, die Ihr Unternehmen identifizieren.<br \/>\nDas Corporate Design sollte so gestaltet sein, dass die Kunden Sie sofort erkennen k\u00f6nnen. <\/p>\n<p style=\"text-align: justify;\">Die Gestaltung\/Realisierung einer Grafikcharta ist daher f\u00fcr die Entwicklung Ihrer Marketingstrategie unerl\u00e4sslich.<\/p>\n<p style=\"text-align: justify;\">19 DIGITAL unterst\u00fctzt Sie in dieser wichtigen Phase Ihrer Kommunikation mit modernen, einfachen Werkzeugen.<\/p>\n<p>[\/vc_column_text][\/vc_tta_section][vc_tta_section title=&#8220;Durchf\u00fchrung von Werbekampagnen&#8220; tab_id=&#8220;1607271987471-16ec90b0-ea7f&#8220;][vc_column_text]<img loading=\"lazy\" decoding=\"async\" class=\"wp-image-1808 size-full aligncenter\" src=\"https:\/\/19digital.fr\/wp-content\/uploads\/2020\/12\/AdobeStock_312032564.jpeg\" alt=\"\" width=\"500\" height=\"333\" srcset=\"https:\/\/19digital.fr\/wp-content\/uploads\/2020\/12\/AdobeStock_312032564.jpeg 500w, https:\/\/19digital.fr\/wp-content\/uploads\/2020\/12\/AdobeStock_312032564-300x200.jpeg 300w\" sizes=\"auto, (max-width: 500px) 100vw, 500px\" \/>  19 DIGITAL ist stets um Qualit\u00e4t bem\u00fcht und bietet visuelle Designs und Foto-\/Videoproduktionen von professioneller Qualit\u00e4t an.<br \/>\nEntdecken Sie einige Beispiele f\u00fcr Produktionen im Men\u00fc <a href=\"https:\/\/19digital.fr\/realisations\/\"><strong>Realisierungen<\/strong><\/a>[\/vc_column_text][\/vc_tta_section][vc_tta_section title=&#8220;Leistungsanalyse&#8220; tab_id=&#8220;1607272003686-8a4095b7-917f&#8220;][vc_column_text]<img loading=\"lazy\" decoding=\"async\" class=\"wp-image-1784 size-full aligncenter\" src=\"https:\/\/19digital.fr\/wp-content\/uploads\/2020\/12\/AdobeStock_127542029.jpeg\" alt=\"\" width=\"500\" height=\"333\" srcset=\"https:\/\/19digital.fr\/wp-content\/uploads\/2020\/12\/AdobeStock_127542029.jpeg 500w, https:\/\/19digital.fr\/wp-content\/uploads\/2020\/12\/AdobeStock_127542029-300x200.jpeg 300w\" sizes=\"auto, (max-width: 500px) 100vw, 500px\" \/>  19 DIGITAL analysiert regelm\u00e4\u00dfig die Leistung seiner Werbekampagnen mit Hilfe von KPIs, die Indikatoren sind, mit denen die Leistung der durchgef\u00fchrten Aktivit\u00e4ten gemessen werden kann.<br \/>\nBeispiele f\u00fcr KPIs sind: Anzahl der erreichten Personen, Interaktionsrate, Viralit\u00e4tsgrad, etc.[\/vc_column_text][\/vc_tta_section][\/vc_tta_accordion][\/vc_column][\/vc_row][vc_row full_width=&#8220;stretch_row&#8220; content_placement=&#8220;middle&#8220; css=&#8220;.vc_custom_1607251928467{margin-bottom: -48px !important;}&#8220;][vc_column width=&#8220;1\/3&#8243;][\/vc_column][vc_column width=&#8220;1\/3&#8243;][vc_empty_space height=&#8220;24px&#8220;][vc_btn title=&#8220;KLICKEN SIE HIER, UM EINEN ZOOM-TERMIN MIT UNS ZU VEREINBAREN.&#8220; style=&#8220;outline&#8220; color=&#8220;peacoc&#8220; align=&#8220;center&#8220; i_align=&#8220;right&#8220; i_icon_fontawesome=&#8220;fas fa-video&#8220; add_icon=&#8220;true&#8220; link=&#8220;url:https%3A%2F%2Fcalendly.com%2Fphilippegorce%2Frdv|target:_blank|&#8220;][\/vc_column][vc_column width=&#8220;1\/3&#8243;][\/vc_column][\/vc_row]<\/p>\n<\/div>","protected":false},"excerpt":{"rendered":"<p>[vc_row css=&#8220;.vc_custom_1607250176357{margin-top: -24px !important;margin-bottom: 12px !important;}&#8220;][vc_column css=&#8220;.vc_custom_1607250032867{margin-top: -24px !important;margin-bottom: -24px !important;}&#8220;][\/vc_column][\/vc_row][vc_row][vc_column][vc_row_inner][vc_column_inner width=&#8220;1\/2&#8243;][vc_empty_space height=&#8220;24px&#8220;][vc_empty_space height=&#8220;24px&#8220;][vc_column_text] In einem Umfeld starken Wettbewerbs muss jedes Unternehmen versuchen, sich in den Augen seiner Kunden oder potenziellen Kunden zu differenzieren. Dies geschieht durch die Verbesserung des Markenimages. Wenn die Wahrnehmung Ihrer Marke positiv ist, f\u00f6rdert dies das Umsatzwachstum. Die Arbeit an&hellip;<\/p>\n","protected":false},"author":1,"featured_media":0,"parent":0,"menu_order":0,"comment_status":"closed","ping_status":"closed","template":"template-microsite.php","meta":{"footnotes":""},"class_list":["post-2614","page","type-page","status-publish","hentry","description-off"],"_links":{"self":[{"href":"https:\/\/19digital.fr\/de\/wp-json\/wp\/v2\/pages\/2614","targetHints":{"allow":["GET"]}}],"collection":[{"href":"https:\/\/19digital.fr\/de\/wp-json\/wp\/v2\/pages"}],"about":[{"href":"https:\/\/19digital.fr\/de\/wp-json\/wp\/v2\/types\/page"}],"author":[{"embeddable":true,"href":"https:\/\/19digital.fr\/de\/wp-json\/wp\/v2\/users\/1"}],"replies":[{"embeddable":true,"href":"https:\/\/19digital.fr\/de\/wp-json\/wp\/v2\/comments?post=2614"}],"version-history":[{"count":10,"href":"https:\/\/19digital.fr\/de\/wp-json\/wp\/v2\/pages\/2614\/revisions"}],"predecessor-version":[{"id":2678,"href":"https:\/\/19digital.fr\/de\/wp-json\/wp\/v2\/pages\/2614\/revisions\/2678"}],"wp:attachment":[{"href":"https:\/\/19digital.fr\/de\/wp-json\/wp\/v2\/media?parent=2614"}],"curies":[{"name":"wp","href":"https:\/\/api.w.org\/{rel}","templated":true}]}}