{"id":2668,"date":"2020-12-05T16:52:42","date_gmt":"2020-12-05T15:52:42","guid":{"rendered":"https:\/\/19digital.fr\/web-mobile-eshops\/"},"modified":"2024-09-12T10:45:25","modified_gmt":"2024-09-12T08:45:25","slug":"web-mobile-eshops","status":"publish","type":"page","link":"https:\/\/19digital.fr\/de\/web-mobile-eshops\/","title":{"rendered":"GESCH\u00c4FTSSTRATEGIE"},"content":{"rendered":"<div class=\"wpb-content-wrapper\"><p>[vc_row][vc_column]<div id=\"ultimate-heading-917369e225e5026a0\" class=\"uvc-heading ult-adjust-bottom-margin ultimate-heading-917369e225e5026a0 uvc-9509 \" data-hspacer=\"no_spacer\"  data-halign=\"center\" style=\"text-align:center\"><div class=\"uvc-heading-spacer no_spacer\" style=\"top\"><\/div><div class=\"uvc-main-heading ult-responsive\"  data-ultimate-target='.uvc-heading.ultimate-heading-917369e225e5026a0 h1'  data-responsive-json-new='{\"font-size\":\"desktop:42px;mobile_landscape:34px;\",\"line-height\":\"desktop:52px;mobile_landscape:44px;\"}' ><h1 style=\"font-weight:bold;\">STEIGERN SIE IHR GESCH\u00c4FT MIT DER RICHTIGEN STRATEGIE.<\/h1><\/div><\/div>[\/vc_column][\/vc_row][vc_row css=&#8220;.vc_custom_1725875890336{padding-top: 96px !important;}&#8220; el_id=&#8220;Titel1&#8243;][vc_column width=&#8220;1\/4&#8243; css=&#8220;.vc_custom_1725870559738{padding-bottom: 48px !important;}&#8220;][vc_single_image image=&#8220;3253&#8243; img_size=&#8220;large&#8220; alignment=&#8220;center&#8220; css=&#8220;&#8220;][\/vc_column][vc_column width=&#8220;3\/4&#8243;]<div id=\"ultimate-heading-336969e225e50270d\" class=\"uvc-heading ult-adjust-bottom-margin ultimate-heading-336969e225e50270d uvc-112  uvc-heading-default-font-sizes\" data-hspacer=\"line_only\"  data-halign=\"center\" style=\"text-align:center\"><div class=\"uvc-main-heading ult-responsive\"  data-ultimate-target='.uvc-heading.ultimate-heading-336969e225e50270d h3'  data-responsive-json-new='{\"font-size\":\"\",\"line-height\":\"\"}' ><h3 style=\"--font-weight:theme;margin-bottom:24px;\">DIE RELEVANZ DER MARKENPOSITIONIERUNG: DER SCHL\u00dcSSEL ZUM ERFOLG<\/h3><\/div><div class=\"uvc-heading-spacer line_only\" style=\"topheight:1px;\"><span class=\"uvc-headings-line\" style=\"border-style:solid;border-bottom-width:1px;border-color:#DD9933;width:200px;\"><\/span><\/div><\/div>[vc_empty_space][vc_column_text css=&#8220;&#8220;]<\/p>\n<h4 style=\"text-align: justify;\">Um den Erfolg Ihres Unternehmens zu gew\u00e4hrleisten, ist es wichtig, dass Sie Ihre <strong>Vision<\/strong>, Ihre <strong>Werte<\/strong>, Ihre <strong>Positionierung<\/strong> und Ihre <strong>Zielgruppe<\/strong> klar definieren.<br \/>\nEine Strategie, die gut auf diese Elemente abgestimmt ist, erm\u00f6glicht es Ihnen, ein schlagkr\u00e4ftiges Verkaufsargument zu erstellen und sich auf Ihrem Markt besser zu positionieren.<br \/>\nDie richtigen Fragen von Anfang an zu stellen ist entscheidend, um das <strong>Vertrauen<\/strong> und die<strong>Akzeptanz<\/strong> Ihrer Kunden zu gewinnen und Ihr Gesch\u00e4ft zu vergr\u00f6\u00dfern.  <\/h4>\n<p>[\/vc_column_text][\/vc_column][\/vc_row][vc_row css=&#8220;.vc_custom_1725875899039{padding-bottom: 96px !important;background-color: #FFFFFF !important;}&#8220; el_id=&#8220;Text auf Seite 1&#8243;][vc_column][vc_column_text css=&#8220;&#8220;]<\/p>\n<p style=\"text-align: justify;\">Bei <strong>19 DIGITAL<\/strong> unterst\u00fctzen wir Sportmarken, Verb\u00e4nde und professionelle Vereine bei der Definition und Optimierung ihrer Positionierungsstrategie.<br \/>\nOb Sie einen umfassenden Plan oder eine gezielte Intervention zu einem oder mehreren Aspekten ben\u00f6tigen, wir setzen unser Fachwissen<strong>im<\/strong> Bereich<strong>des<\/strong> <strong>digitalen Marketings<\/strong> und<strong>der IT im Sportbusiness<\/strong> ein, um Ihren Bed\u00fcrfnissen gerecht zu werden. <\/p>\n<p style=\"text-align: justify;\">Unsere Methoden beinhalten den Einsatz von leistungsstarken Tools, wie z.B.<strong>k\u00fcnstliche Intelligenz<\/strong>, f\u00fcr eine gr\u00fcndliche Analyse Ihres Marktes.<br \/>\nWir bewerten Trends, Ihre Konkurrenten und die Erwartungen Ihrer Kunden und Interessenten, um eine ma\u00dfgeschneiderte Strategie zu entwickeln, die Ihre Erfolgschancen maximiert. <\/p>\n<p style=\"text-align: justify;\">M\u00f6chten Sie Ihre Markenpositionierung st\u00e4rken und Ihre Entwicklung vorantreiben? <span style=\"color: #052833;\"><a style=\"color: #052833;\" href=\"https:\/\/19digital.fr\/de\/kontakt\/\"><strong>Nehmen Sie Kontakt mit 19 DIGITAL auf.<\/strong><\/a><\/span> noch heute und nutzen Sie unser Fachwissen, um Ihre Strategie mit Ihren Zielen in Einklang zu bringen.<\/p>\n<p>[\/vc_column_text][vc_single_image image=&#8220;3588&#8243; img_size=&#8220;large&#8220; alignment=&#8220;center&#8220; css=&#8220;&#8220;][\/vc_column][\/vc_row][vc_row bg_type=&#8220;bg_color&#8220; bg_override=&#8220;full&#8220; bg_color_value=&#8220;#052833C2&#8243; css=&#8220;.vc_custom_1725875907839{padding-top: 96px !important;}&#8220; el_id=&#8220;Titel2&#8243;][vc_column width=&#8220;1\/4&#8243; css=&#8220;.vc_custom_1725872198775{padding-bottom: 48px !important;}&#8220;][vc_single_image image=&#8220;3614&#8243; img_size=&#8220;large&#8220; alignment=&#8220;center&#8220; css=&#8220;&#8220;][\/vc_column][vc_column width=&#8220;3\/4&#8243;]<div id=\"ultimate-heading-192569e225e502765\" class=\"uvc-heading ult-adjust-bottom-margin ultimate-heading-192569e225e502765 uvc-8958  uvc-heading-default-font-sizes\" data-hspacer=\"line_only\"  data-halign=\"center\" style=\"text-align:center\"><div class=\"uvc-main-heading ult-responsive\"  data-ultimate-target='.uvc-heading.ultimate-heading-192569e225e502765 h3'  data-responsive-json-new='{\"font-size\":\"\",\"line-height\":\"\"}' ><h3 style=\"--font-weight:theme;color:#FFFFFF;margin-bottom:24px;\">DAS LEBENSWICHTIGE GLEICHGEWICHT ZWISCHEN MARKE UND LEISTUNG<\/h3><\/div><div class=\"uvc-heading-spacer line_only\" style=\"topheight:1px;\"><span class=\"uvc-headings-line\" style=\"border-style:solid;border-bottom-width:1px;border-color:#DD9933;width:200px;\"><\/span><\/div><\/div>[vc_empty_space][vc_column_text css=&#8220;&#8220;]<\/p>\n<h4 style=\"text-align: justify;\"><span style=\"color: #ffffff;\">In einem \u00e4u\u00dferst wettbewerbsintensiven Markt ist die Aufrechterhaltung eines Gleichgewichts zwischen <strong>Markenimage<\/strong> und <strong>kommerzieller Leistung<\/strong> entscheidend f\u00fcr den nachhaltigen Erfolg.<br \/>\n <strong>Sportunternehmen<\/strong>, seien es Vereine, Verb\u00e4nde oder Marken, m\u00fcssen eine starke visuelle Identit\u00e4t mit einer effektiven Wachstumsstrategie kombinieren, um sich von der Masse abzuheben und zu florieren. <\/span><\/h4>\n<p>[\/vc_column_text][\/vc_column][\/vc_row][vc_row bg_type=&#8220;bg_color&#8220; bg_override=&#8220;full&#8220; css=&#8220;.vc_custom_1725875915896{padding-bottom: 96px !important;background-color: #FFFFFF !important;}&#8220; bg_color_value=&#8220;#052833C2&#8243; el_id=&#8220;Text auf Seite 2&#8243;][vc_column][vc_column_text css=&#8220;&#8220;]<\/p>\n<p style=\"text-align: justify;\"><span style=\"color: #ffffff;\">Durch eine gr\u00fcndliche Analyse Ihrer KPIs (Traffic, \u00d6ffnungsrate, Klickrate, Konversionsrate, Akquisitionskosten, ROI usw.) bewerten wir die Wirksamkeit Ihrer Ma\u00dfnahmen im Detail.<br \/>\nWir verfolgen auch das Verhalten Ihrer Kunden (Engagement, Abmeldungen, Kundenzufriedenheit), um deren Erwartungen besser zu verstehen und Ihre Strategie entsprechend anzupassen. <\/span><\/p>\n<p style=\"text-align: justify;\"><span style=\"color: #ffffff;\">Unsere Experten unterst\u00fctzen Sie dabei, Ihre Marketingstrategie erfolgreicher zu gestalten und sie an die Besonderheiten Ihres Marktes anzupassen.<br \/>\nWir helfen Ihnen, Ihre Sichtbarkeit, Konversion und Kundenbindung zu verbessern, indem wir die perfekte Balance zwischen Ergebnissen und Markenimage finden. <\/span><\/p>\n<p style=\"text-align: justify;\"><span style=\"color: #ffffff;\">Wenden Sie sich an 19 DIGITAL, um Ihre Strategie zu transformieren und Ihren Return on Investment (ROI) zu maximieren.<\/span><\/p>\n<p>[\/vc_column_text][\/vc_column][\/vc_row][vc_row css=&#8220;.vc_custom_1725875923388{padding-top: 96px !important;}&#8220; el_id=&#8220;Titel3&#8243;][vc_column width=&#8220;1\/4&#8243; css=&#8220;.vc_custom_1725870559738{padding-bottom: 48px !important;}&#8220;][vc_single_image image=&#8220;3609&#8243; img_size=&#8220;full&#8220; alignment=&#8220;center&#8220; css=&#8220;&#8220;][\/vc_column][vc_column width=&#8220;3\/4&#8243;]<div id=\"ultimate-heading-425969e225e5027b8\" class=\"uvc-heading ult-adjust-bottom-margin ultimate-heading-425969e225e5027b8 uvc-7513  uvc-heading-default-font-sizes\" data-hspacer=\"line_only\"  data-halign=\"center\" style=\"text-align:center\"><div class=\"uvc-main-heading ult-responsive\"  data-ultimate-target='.uvc-heading.ultimate-heading-425969e225e5027b8 h3'  data-responsive-json-new='{\"font-size\":\"\",\"line-height\":\"\"}' ><h3 style=\"--font-weight:theme;margin-bottom:24px;\">STEIGERN SIE IHRE AKQUISITION UND BESCHLEUNIGEN SIE IHRE GESCH\u00c4FTSENTWICKLUNG.<\/h3><\/div><div class=\"uvc-heading-spacer line_only\" style=\"topheight:1px;\"><span class=\"uvc-headings-line\" style=\"border-style:solid;border-bottom-width:1px;border-color:#DD9933;width:200px;\"><\/span><\/div><\/div>[vc_empty_space][vc_column_text css=&#8220;&#8220;]<\/p>\n<h4 style=\"text-align: justify;\">In einem wettbewerbsorientierten Markt, der sich st\u00e4ndig weiterentwickelt, ist eine effektive Akquisitionsstrategie f\u00fcr das Erreichen Ihrer Gesch\u00e4ftsziele von entscheidender Bedeutung.<br \/>\nOhne einen klaren Plan laufen Sie Gefahr, wertvolle Chancen zu verpassen und Ihre Wettbewerbsf\u00e4higkeit zu verlieren.<br \/>\nGl\u00fccklicherweise gibt es geeignete digitale L\u00f6sungen, um Ihre Bem\u00fchungen zu maximieren und Ihre Interessenten in Kunden oder Partner zu verwandeln.  <\/h4>\n<p>[\/vc_column_text][\/vc_column][\/vc_row][vc_row css=&#8220;.vc_custom_1725875931248{background-color: #FFFFFF !important;}&#8220; el_id=&#8220;Text auf Seite 3&#8243;][vc_column][vc_column_text css=&#8220;&#8220;]<\/p>\n<p style=\"text-align: justify;\">Wenn Sie Ihre Akquise mit Hilfe von digitalen Marketinginstrumenten optimieren, k\u00f6nnen Sie Ihre Zielgruppen schneller identifizieren, Ihre Interaktionen verbessern und Ihre Chancen auf eine Konversion erh\u00f6hen. <strong>Datenanalyse, genaue Segmentierung, gezielte Werbekampagnen<\/strong> &#8211; all dies sind Hebel, mit denen Sie Ihre Gesch\u00e4ftsentwicklung beschleunigen und gleichzeitig den Aufwand minimieren k\u00f6nnen.<br \/>\nDurch die Kombination eines technologischen Ansatzes mit strategischem Know-how kann Ihr Unternehmen seine Effizienz und Rentabilit\u00e4t steigern. <\/p>\n<p style=\"text-align: justify;\">Vertrauen Sie auf 19 DIGITAL, um Sie bei der Umsetzung einer ma\u00dfgeschneiderten Akquisitionsstrategie zu unterst\u00fctzen.<br \/>\nUnsere Experten kennen sich mit den neuesten digitalen Innovationen aus und helfen Ihnen, jeden Schritt Ihres Gesch\u00e4ftsprozesses zu optimieren. <\/p>\n<p style=\"text-align: justify;\"><strong><span style=\"color: #052833;\"><a style=\"color: #052833;\" href=\"https:\/\/19digital.fr\/de\/kontakt\/\">Kontaktieren Sie uns<\/a><\/span><\/strong> und erfahren Sie, wie wir Ihre Leistung steigern und Sie zum Erfolg f\u00fchren k\u00f6nnen.<\/p>\n<p>[\/vc_column_text][\/vc_column][\/vc_row][vc_row css=&#8220;.vc_custom_1725959895886{margin-top: 48px !important;}&#8220;][vc_column][vc_single_image image=&#8220;3619&#8243; img_size=&#8220;large&#8220; alignment=&#8220;center&#8220; css=&#8220;.vc_custom_1725959795608{border-top-width: 32px !important;}&#8220;][\/vc_column][\/vc_row]<\/p>\n<\/div>","protected":false},"excerpt":{"rendered":"<p>[vc_row][vc_column][\/vc_column][\/vc_row][vc_row css=&#8220;.vc_custom_1725875890336{padding-top: 96px !important;}&#8220; el_id=&#8220;Titel1&#8243;][vc_column width=&#8220;1\/4&#8243; css=&#8220;.vc_custom_1725870559738{padding-bottom: 48px !important;}&#8220;][vc_single_image image=&#8220;3253&#8243; img_size=&#8220;large&#8220; alignment=&#8220;center&#8220; css=&#8220;&#8220;][\/vc_column][vc_column width=&#8220;3\/4&#8243;][vc_empty_space][vc_column_text css=&#8220;&#8220;] Um den Erfolg Ihres Unternehmens zu gew\u00e4hrleisten, ist es wichtig, dass Sie Ihre Vision, Ihre Werte, Ihre Positionierung und Ihre Zielgruppe klar definieren. Eine Strategie, die gut auf diese Elemente abgestimmt ist, erm\u00f6glicht es Ihnen, ein schlagkr\u00e4ftiges Verkaufsargument zu erstellen&hellip;<\/p>\n","protected":false},"author":1,"featured_media":0,"parent":0,"menu_order":0,"comment_status":"closed","ping_status":"closed","template":"template-microsite.php","meta":{"footnotes":""},"class_list":["post-2668","page","type-page","status-publish","hentry","description-off"],"_links":{"self":[{"href":"https:\/\/19digital.fr\/de\/wp-json\/wp\/v2\/pages\/2668","targetHints":{"allow":["GET"]}}],"collection":[{"href":"https:\/\/19digital.fr\/de\/wp-json\/wp\/v2\/pages"}],"about":[{"href":"https:\/\/19digital.fr\/de\/wp-json\/wp\/v2\/types\/page"}],"author":[{"embeddable":true,"href":"https:\/\/19digital.fr\/de\/wp-json\/wp\/v2\/users\/1"}],"replies":[{"embeddable":true,"href":"https:\/\/19digital.fr\/de\/wp-json\/wp\/v2\/comments?post=2668"}],"version-history":[{"count":66,"href":"https:\/\/19digital.fr\/de\/wp-json\/wp\/v2\/pages\/2668\/revisions"}],"predecessor-version":[{"id":3970,"href":"https:\/\/19digital.fr\/de\/wp-json\/wp\/v2\/pages\/2668\/revisions\/3970"}],"wp:attachment":[{"href":"https:\/\/19digital.fr\/de\/wp-json\/wp\/v2\/media?parent=2668"}],"curies":[{"name":"wp","href":"https:\/\/api.w.org\/{rel}","templated":true}]}}