{"id":2710,"date":"2019-12-09T09:40:53","date_gmt":"2019-12-09T08:40:53","guid":{"rendered":"https:\/\/19digital.fr\/loesungen-19-digital\/"},"modified":"2024-08-24T10:16:31","modified_gmt":"2024-08-24T08:16:31","slug":"loesungen-19-digital","status":"publish","type":"page","link":"https:\/\/19digital.fr\/de\/loesungen-19-digital\/","title":{"rendered":"L\u00f6sungen 19 DIGITAL"},"content":{"rendered":"<div class=\"wpb-content-wrapper\"><p>[vc_row el_id=&#8220;about&#8220; css=&#8220;.vc_custom_1575821968206{margin-top: 48px !important;}&#8220;][vc_column][vc_row_inner content_placement=&#8220;middle&#8220; css=&#8220;.vc_custom_1575822122369{margin-bottom: -24px !important;}&#8220;][vc_column_inner offset=&#8220;vc_col-lg-6 vc_col-md-6&#8243; css=&#8220;.vc_custom_1575822336705{margin-bottom: 48px !important;}&#8220;]<div id=\"ultimate-heading-187969d4fcdae0545\" class=\"uvc-heading ult-adjust-bottom-margin ultimate-heading-187969d4fcdae0545 uvc-1513 \" data-hspacer=\"line_with_icon\" data-hline_width=\"120\" data-hicon_type=\"selector\" data-hborder_style=\"solid\" data-hborder_height=\"3\" data-hborder_color=\"#f3615a\" data-icon_width=\"18\" data-hfixer=\"10\"  data-halign=\"center\" style=\"text-align:center\"><div class=\"uvc-main-heading ult-responsive\"  data-ultimate-target='.uvc-heading.ultimate-heading-187969d4fcdae0545 h1'  data-responsive-json-new='{\"font-size\":\"desktop:42px;mobile_landscape:34px;\",\"line-height\":\"desktop:52px;mobile_landscape:44px;\"}' ><h1 style=\"font-weight:bold;\">SIE SIND EINE MARKE<\/h1><\/div><div class=\"uvc-heading-spacer line_with_icon\" style=\"margin-bottom:24px;height:18px;\"><div class=\"ult-just-icon-wrapper  \"><div class=\"align-icon\" style=\"text-align:center;\">\n<div class=\"aio-icon none \"  style=\"color:#f3615a;font-size:18px;display:inline-block;\">\n\t<i class=\"icomoon-font-awesome-14x14-chevron-down\"><\/i>\n<\/div><\/div><\/div><\/div><\/div>[vc_column_text]<\/p>\n<p style=\"text-align: justify;\">19 DIGITAL bietet Ihnen die M\u00f6glichkeit, direkt und unmittelbar mit Ihren Kunden zu kommunizieren und Ihren Umsatz durch einen modernen und fl\u00fcssigen mobilen E-Shop zu steigern.<\/p>\n<p>[\/vc_column_text][vc_btn title=&#8220;WEITERE INFORMATIONEN&#8220; color=&#8220;juicy-pink&#8220; size=&#8220;lg&#8220; align=&#8220;center&#8220; link=&#8220;url:https%3A%2F%2F19digital.fr%2Fsolution-marques%2F|title:Markenl%C3%B6sung|&#8220;][\/vc_column_inner][vc_column_inner css=&#8220;.vc_custom_1509566455479{padding-bottom: 50px !important;}&#8220; offset=&#8220;vc_col-lg-6 vc_col-md-6&#8243;][vc_hoverbox primary_title=&#8220;Markenl\u00f6sung&#8220;]Klicken Sie auf den Bearbeitungsbutton, um diesen Text zu \u00e4ndern.<br \/>\nLorem ipsum dolor sit amet, consectetur adipiscing elit.<br \/>\nUt elit tellus, luctus nec ullamcorper mattis, pulvinar dapibus leo.[\/vc_hoverbox][\/vc_column_inner][\/vc_row_inner][\/vc_column][\/vc_row][vc_row css=&#8220;.vc_custom_1575821968206{margin-top: 48px !important;}&#8220;][vc_column][vc_row_inner content_placement=&#8220;middle&#8220; css=&#8220;.vc_custom_1575822122369{margin-bottom: -24px !important;}&#8220;][vc_column_inner offset=&#8220;vc_col-lg-6 vc_col-md-6&#8243; css=&#8220;.vc_custom_1575822336705{margin-bottom: 48px !important;}&#8220;]<div id=\"ultimate-heading-575269d4fcdae061f\" class=\"uvc-heading ult-adjust-bottom-margin ultimate-heading-575269d4fcdae061f uvc-1990 \" data-hspacer=\"line_with_icon\" data-hline_width=\"120\" data-hicon_type=\"selector\" data-hborder_style=\"solid\" data-hborder_height=\"3\" data-hborder_color=\"#f3615a\" data-icon_width=\"18\" data-hfixer=\"10\"  data-halign=\"center\" style=\"text-align:center\"><div class=\"uvc-main-heading ult-responsive\"  data-ultimate-target='.uvc-heading.ultimate-heading-575269d4fcdae061f h1'  data-responsive-json-new='{\"font-size\":\"desktop:42px;mobile_landscape:34px;\",\"line-height\":\"desktop:52px;mobile_landscape:44px;\"}' ><h1 style=\"font-weight:bold;\">SIE SIND EINE F\u00d6DERATION<\/h1><\/div><div class=\"uvc-heading-spacer line_with_icon\" style=\"margin-bottom:24px;height:18px;\"><div class=\"ult-just-icon-wrapper  \"><div class=\"align-icon\" style=\"text-align:center;\">\n<div class=\"aio-icon none \"  style=\"color:#f3615a;font-size:18px;display:inline-block;\">\n\t<i class=\"icomoon-font-awesome-14x14-chevron-down\"><\/i>\n<\/div><\/div><\/div><\/div><\/div>[vc_column_text]<\/p>\n<p style=\"text-align: justify;\">19 DIGITAL bietet Ihnen die M\u00f6glichkeit, gemeinsam mit Ihnen das digitale Nachschlagewerk f\u00fcr Ihren Sport zu erstellen, direkt und unmittelbar mit Ihren Lizenznehmern zu kommunizieren und Ihre Ideen durch die Erstellung ma\u00dfgeschneiderter Module zu entwickeln.<\/p>\n<p>[\/vc_column_text][vc_btn title=&#8220;WEITERE INFORMATIONEN&#8220; color=&#8220;juicy-pink&#8220; size=&#8220;lg&#8220; align=&#8220;center&#8220; link=&#8220;url:https%3A%2F%2F19digital.fr%2Fsolution-federations%2F|title:L%C3%B6sung%20F%C3%B6derationen|&#8220;][\/vc_column_inner][vc_column_inner css=&#8220;.vc_custom_1509566455479{padding-bottom: 50px !important;}&#8220; offset=&#8220;vc_col-lg-6 vc_col-md-6&#8243;][vc_hoverbox primary_title=&#8220;L\u00f6sung F\u00f6derationen&#8220;]Klicken Sie auf den Bearbeitungsbutton, um diesen Text zu \u00e4ndern.<br \/>\nLorem ipsum dolor sit amet, consectetur adipiscing elit.<br \/>\nUt elit tellus, luctus nec ullamcorper mattis, pulvinar dapibus leo.[\/vc_hoverbox][\/vc_column_inner][\/vc_row_inner][\/vc_column][\/vc_row][vc_row css=&#8220;.vc_custom_1575821968206{margin-top: 48px !important;}&#8220;][vc_column][vc_row_inner content_placement=&#8220;middle&#8220; css=&#8220;.vc_custom_1575822122369{margin-bottom: -24px !important;}&#8220;][vc_column_inner offset=&#8220;vc_col-lg-6 vc_col-md-6&#8243; css=&#8220;.vc_custom_1575822336705{margin-bottom: 48px !important;}&#8220;]<div id=\"ultimate-heading-188169d4fcdae06e1\" class=\"uvc-heading ult-adjust-bottom-margin ultimate-heading-188169d4fcdae06e1 uvc-6922 \" data-hspacer=\"line_with_icon\" data-hline_width=\"120\" data-hicon_type=\"selector\" data-hborder_style=\"solid\" data-hborder_height=\"3\" data-hborder_color=\"#f3615a\" data-icon_width=\"18\" data-hfixer=\"10\"  data-halign=\"center\" style=\"text-align:center\"><div class=\"uvc-main-heading ult-responsive\"  data-ultimate-target='.uvc-heading.ultimate-heading-188169d4fcdae06e1 h1'  data-responsive-json-new='{\"font-size\":\"desktop:42px;mobile_landscape:34px;\",\"line-height\":\"desktop:52px;mobile_landscape:44px;\"}' ><h1 style=\"font-weight:bold;\">SIE SIND EIN PROFESSIONELLER VEREIN<\/h1><\/div><div class=\"uvc-heading-spacer line_with_icon\" style=\"margin-bottom:24px;height:18px;\"><div class=\"ult-just-icon-wrapper  \"><div class=\"align-icon\" style=\"text-align:center;\">\n<div class=\"aio-icon none \"  style=\"color:#f3615a;font-size:18px;display:inline-block;\">\n\t<i class=\"icomoon-font-awesome-14x14-chevron-down\"><\/i>\n<\/div><\/div><\/div><\/div><\/div>[vc_column_text]<\/p>\n<p style=\"text-align: justify;\">19 DIGITAL bietet Ihnen die M\u00f6glichkeit, direkt und unmittelbar mit Ihren Mitgliedern zu kommunizieren und Ihr Merchandising durch einen modernen und fl\u00fcssigen mobilen E-Shop zu entwickeln.<\/p>\n<p>[\/vc_column_text][vc_btn title=&#8220;WEITERE INFORMATIONEN&#8220; color=&#8220;juicy-pink&#8220; size=&#8220;lg&#8220; align=&#8220;center&#8220; link=&#8220;url:https%3A%2F%2F19digital.fr%2Fsolution-clubs%2F|title:L%C3%B6sung%20f%C3%BCr%20Clubs|&#8220;][\/vc_column_inner][vc_column_inner css=&#8220;.vc_custom_1509566455479{padding-bottom: 50px !important;}&#8220; offset=&#8220;vc_col-lg-6 vc_col-md-6&#8243;][vc_hoverbox primary_title=&#8220;L\u00f6sung f\u00fcr Clubs&#8220;]Klicken Sie auf den Bearbeitungsbutton, um diesen Text zu \u00e4ndern.<br \/>\nLorem ipsum dolor sit amet, consectetur adipiscing elit.<br \/>\nUt elit tellus, luctus nec ullamcorper mattis, pulvinar dapibus leo.[\/vc_hoverbox][\/vc_column_inner][\/vc_row_inner][\/vc_column][\/vc_row][vc_row full_width=&#8220;stretch_row&#8220; bg_type=&#8220;image&#8220; parallax_style=&#8220;vcpb-default&#8220; bg_image_new=&#8220;id^787|url^https:\/\/19digital.fr\/wp-content\/uploads\/2019\/12\/Fichier-1@3x.png|caption^null|alt^null|title^Fichier 1@3x|description^null&#8220;][vc_column]<div id=\"ultimate-heading-282469d4fcdae079d\" class=\"uvc-heading ult-adjust-bottom-margin ultimate-heading-282469d4fcdae079d uvc-1698 \" data-hspacer=\"line_with_icon\" data-hline_width=\"120\" data-hicon_type=\"selector\" data-hborder_style=\"solid\" data-hborder_height=\"3\" data-hborder_color=\"#f3615a\" data-icon_width=\"18\" data-hfixer=\"10\"  data-halign=\"center\" style=\"text-align:center\"><div class=\"uvc-main-heading ult-responsive\"  data-ultimate-target='.uvc-heading.ultimate-heading-282469d4fcdae079d h1'  data-responsive-json-new='{\"font-size\":\"desktop:42px;mobile_landscape:34px;\",\"line-height\":\"desktop:52px;mobile_landscape:44px;\"}' ><h1 style=\"font-weight:bold;color:#ffffff;\">KONTAKTIEREN SIE UNS<\/h1><\/div><div class=\"uvc-heading-spacer line_with_icon\" style=\"margin-bottom:60px;height:18px;\"><div class=\"ult-just-icon-wrapper  \"><div class=\"align-icon\" style=\"text-align:center;\">\n<div class=\"aio-icon none \"  style=\"color:#f3615a;font-size:18px;display:inline-block;\">\n\t<i class=\"icomoon-font-awesome-14x14-chevron-down\"><\/i>\n<\/div><\/div><\/div><\/div><\/div><form class=\"dt-contact-form dt-form privacy-form\" method=\"post\"><input type=\"hidden\" name=\"widget_id\" value=\"presscore-contact-form-widget--1\" \/><input type=\"hidden\" name=\"send_message\" value=\"\" \/><input type=\"hidden\" name=\"security_token\" value=\"0ec89c5923cd140f45a8\"\/><div class=\"form-fields\"><span class=\"form-name\"><label class=\"assistive-text\">Name<\/label><input type=\"text\" placeholder=\"Name\" name=\"name\" value=\"\" aria-required=\"false\">\n<\/span><span class=\"form-mail\"><label class=\"assistive-text\">E-Mail *<\/label><input type=\"text\" class=\"validate[required,custom[email]]\" placeholder=\"E-Mail *\" name=\"email\" value=\"\" aria-required=\"true\">\n<\/span><\/div><span class=\"form-message\"><label class=\"assistive-text\">Nachricht *<\/label><textarea class=\"validate[required]\" placeholder=\"Nachricht *\" name=\"message\" rows=\"6\" aria-required=\"true\"><\/textarea>\n<\/span><p class=\"the7-form-terms-wrap\"><input type=\"checkbox\" id=\"the7-form-terms-0d3180d672e08b4c5312dcdafdf6ef36\" name=\"terms\" class=\"validate[required] the7-form-terms\" aria-required=\"true\" \/>&nbsp;<label for=\"the7-form-terms-0d3180d672e08b4c5312dcdafdf6ef36\"><span class=\"form-terms-text\">En transmettant ce message, vous acceptez que les donn\u00e9es composant celui-ci soient stock\u00e9es sur notre serveur.<\/span><\/label><\/p><p><a href=\"#\" class=\"dt-btn dt-btn-m dt-btn-submit\" rel=\"nofollow\"><span>SENDEN SIE<\/span><\/a><input class=\"assistive-text\" type=\"submit\" value=\"absenden\"><\/p><\/form>\n[\/vc_column][\/vc_row]<\/p>\n<\/div>","protected":false},"excerpt":{"rendered":"<p>[vc_row el_id=&#8220;about&#8220; css=&#8220;.vc_custom_1575821968206{margin-top: 48px !important;}&#8220;][vc_column][vc_row_inner content_placement=&#8220;middle&#8220; css=&#8220;.vc_custom_1575822122369{margin-bottom: -24px !important;}&#8220;][vc_column_inner offset=&#8220;vc_col-lg-6 vc_col-md-6&#8243; css=&#8220;.vc_custom_1575822336705{margin-bottom: 48px !important;}&#8220;][vc_column_text] 19 DIGITAL bietet Ihnen die M\u00f6glichkeit, direkt und unmittelbar mit Ihren Kunden zu kommunizieren und Ihren Umsatz durch einen modernen und fl\u00fcssigen mobilen E-Shop zu steigern. [\/vc_column_text][vc_btn title=&#8220;WEITERE INFORMATIONEN&#8220; color=&#8220;juicy-pink&#8220; size=&#8220;lg&#8220; align=&#8220;center&#8220; link=&#8220;url:https%3A%2F%2F19digital.fr%2Fsolution-marques%2F|title:Markenl%C3%B6sung|&#8220;][\/vc_column_inner][vc_column_inner css=&#8220;.vc_custom_1509566455479{padding-bottom: 50px !important;}&#8220; offset=&#8220;vc_col-lg-6 vc_col-md-6&#8243;][vc_hoverbox primary_title=&#8220;Markenl\u00f6sung&#8220;]Klicken Sie auf&hellip;<\/p>\n","protected":false},"author":1,"featured_media":0,"parent":0,"menu_order":0,"comment_status":"closed","ping_status":"closed","template":"template-microsite.php","meta":{"footnotes":""},"class_list":["post-2710","page","type-page","status-publish","hentry","description-off"],"_links":{"self":[{"href":"https:\/\/19digital.fr\/de\/wp-json\/wp\/v2\/pages\/2710","targetHints":{"allow":["GET"]}}],"collection":[{"href":"https:\/\/19digital.fr\/de\/wp-json\/wp\/v2\/pages"}],"about":[{"href":"https:\/\/19digital.fr\/de\/wp-json\/wp\/v2\/types\/page"}],"author":[{"embeddable":true,"href":"https:\/\/19digital.fr\/de\/wp-json\/wp\/v2\/users\/1"}],"replies":[{"embeddable":true,"href":"https:\/\/19digital.fr\/de\/wp-json\/wp\/v2\/comments?post=2710"}],"version-history":[{"count":1,"href":"https:\/\/19digital.fr\/de\/wp-json\/wp\/v2\/pages\/2710\/revisions"}],"predecessor-version":[{"id":2711,"href":"https:\/\/19digital.fr\/de\/wp-json\/wp\/v2\/pages\/2710\/revisions\/2711"}],"wp:attachment":[{"href":"https:\/\/19digital.fr\/de\/wp-json\/wp\/v2\/media?parent=2710"}],"curies":[{"name":"wp","href":"https:\/\/api.w.org\/{rel}","templated":true}]}}