{"id":2718,"date":"2019-12-09T09:29:29","date_gmt":"2019-12-09T08:29:29","guid":{"rendered":"https:\/\/19digital.fr\/rechtliche-hinweise\/"},"modified":"2024-08-24T10:16:31","modified_gmt":"2024-08-24T08:16:31","slug":"rechtliche-hinweise","status":"publish","type":"page","link":"https:\/\/19digital.fr\/de\/rechtliche-hinweise\/","title":{"rendered":"Rechtliche Hinweise"},"content":{"rendered":"<div class=\"wpb-content-wrapper\"><p>[vc_row][vc_column][vc_column_text]<\/p>\n<h1 style=\"text-align: justify;\"><strong>Rechtliche Hinweise<\/strong><\/h1>\n<p style=\"text-align: justify;\"><strong>Herausgeber der Website<\/strong><\/p>\n<p style=\"text-align: justify;\">Die Website 19digital.fr wird herausgegeben von :<\/p>\n<p style=\"text-align: justify;\">Name des Unternehmens: 19 DIGITAL<\/p>\n<p style=\"text-align: justify;\">Hauptsitz: 1 Impasse du Palais 37000 TOURS<\/p>\n<p style=\"text-align: justify;\">HANDELSREGISTER: TOURS<\/p>\n<p style=\"text-align: justify;\">SIRET: 83955973900017<\/p>\n<p style=\"text-align: justify;\">MWST.-NR.: FR24839559739<\/p>\n<p style=\"text-align: justify;\">Verantwortlich f\u00fcr die Ver\u00f6ffentlichung: Philippe Gorce<\/p>\n<p style=\"text-align: justify;\">Kontaktadresse: 1 impasse du Palais 37000 TOURS<\/p>\n<p style=\"text-align: justify;\"><strong>Host der Website<\/strong><\/p>\n<p style=\"text-align: justify;\">Die Website 19digital.fr wird gehostet von:<\/p>\n<p style=\"text-align: justify;\">Gesellschaft Ligne Web Services 10 rue Penthi\u00e8vre 75008 Paris FRANCE<\/p>\n<p style=\"text-align: justify;\"><strong>Pers\u00f6nliche Daten<\/strong><\/p>\n<p style=\"text-align: justify;\">Sie k\u00f6nnen die Modalit\u00e4ten der Erhebung und Verarbeitung Ihrer pers\u00f6nlichen Daten \u00fcber die Datenschutzpolitik der Website unter folgender Adresse abrufen: 19 DIGITAL 1 impasse du Palais 37000 TOURS.<\/p>\n<p style=\"text-align: justify;\">Verbraucherrechtsstreitigkeiten<\/p>\n<p style=\"text-align: justify;\">Im Falle einer Streitigkeit mit 19 DIGITAL finden Sie die Kontaktm\u00f6glichkeiten f\u00fcr den Verbraucher-Ombudsmann in den Allgemeinen Gesch\u00e4ftsbedingungen der Website unter folgender Adresse: 19 DIGITAL 1 impasse du Palais 37000 TOURS.<\/p>\n<p style=\"text-align: justify;\">Geistiges Eigentum<\/p>\n<p style=\"text-align: justify;\">Diese Website, ihre Marken, ihre Datenbanken und ihr gesamter Inhalt sind das ausschlie\u00dfliche Eigentum von 19 DIGITAL oder ihrer Partner.<br \/>\nJede vollst\u00e4ndige oder teilweise Vervielf\u00e4ltigung oder Darstellung dieser Elemente durch ein beliebiges Verfahren ohne die ausdr\u00fcckliche und vorherige schriftliche Genehmigung von 19 DIGITAL ist verboten und stellt eine F\u00e4lschung dar, die straf- und zivilrechtlich durch das Gesetz \u00fcber geistiges Eigentum geahndet wird. <\/p>\n<p style=\"text-align: justify;\"><strong>Kredite<\/strong><\/p>\n<p style=\"text-align: justify;\">19 DIGITAL<\/p>\n<p>[\/vc_column_text][\/vc_column][\/vc_row]<\/p>\n<\/div>","protected":false},"excerpt":{"rendered":"<p>[vc_row][vc_column][vc_column_text] Rechtliche Hinweise Herausgeber der Website Die Website 19digital.fr wird herausgegeben von : Name des Unternehmens: 19 DIGITAL Hauptsitz: 1 Impasse du Palais 37000 TOURS HANDELSREGISTER: TOURS SIRET: 83955973900017 MWST.-NR.: FR24839559739 Verantwortlich f\u00fcr die Ver\u00f6ffentlichung: Philippe Gorce Kontaktadresse: 1 impasse du Palais 37000 TOURS Host der Website Die Website 19digital.fr wird gehostet von: Gesellschaft Ligne&hellip;<\/p>\n","protected":false},"author":1,"featured_media":0,"parent":0,"menu_order":0,"comment_status":"closed","ping_status":"closed","template":"template-microsite.php","meta":{"footnotes":""},"class_list":["post-2718","page","type-page","status-publish","hentry","description-off"],"_links":{"self":[{"href":"https:\/\/19digital.fr\/de\/wp-json\/wp\/v2\/pages\/2718","targetHints":{"allow":["GET"]}}],"collection":[{"href":"https:\/\/19digital.fr\/de\/wp-json\/wp\/v2\/pages"}],"about":[{"href":"https:\/\/19digital.fr\/de\/wp-json\/wp\/v2\/types\/page"}],"author":[{"embeddable":true,"href":"https:\/\/19digital.fr\/de\/wp-json\/wp\/v2\/users\/1"}],"replies":[{"embeddable":true,"href":"https:\/\/19digital.fr\/de\/wp-json\/wp\/v2\/comments?post=2718"}],"version-history":[{"count":1,"href":"https:\/\/19digital.fr\/de\/wp-json\/wp\/v2\/pages\/2718\/revisions"}],"predecessor-version":[{"id":2719,"href":"https:\/\/19digital.fr\/de\/wp-json\/wp\/v2\/pages\/2718\/revisions\/2719"}],"wp:attachment":[{"href":"https:\/\/19digital.fr\/de\/wp-json\/wp\/v2\/media?parent=2718"}],"curies":[{"name":"wp","href":"https:\/\/api.w.org\/{rel}","templated":true}]}}