{"id":2724,"date":"2019-12-09T09:27:55","date_gmt":"2019-12-09T08:27:55","guid":{"rendered":"https:\/\/19digital.fr\/agb\/"},"modified":"2024-08-24T10:16:36","modified_gmt":"2024-08-24T08:16:36","slug":"agb","status":"publish","type":"page","link":"https:\/\/19digital.fr\/de\/agb\/","title":{"rendered":"AGB"},"content":{"rendered":"<div class=\"wpb-content-wrapper\"><p>[vc_row][vc_column][vc_column_text]<\/p>\n<h1 style=\"text-align: justify;\"><strong>Allgemeine Nutzungsbedingungen<\/strong><\/h1>\n<p style=\"text-align: justify;\"><strong>Aktualisiert am 9. Dezember 2019<\/strong><\/p>\n<p style=\"text-align: justify;\">19 DIGITAL stellt eine Website zur Verf\u00fcgung, auf der das kommerzielle Angebot von 19 DIGITAL vorgestellt wird.<\/p>\n<p style=\"text-align: justify;\">Die vorliegenden AGB legen die Bedingungen und Modalit\u00e4ten f\u00fcr die Nutzung der Website durch die Nutzer fest.<\/p>\n<p style=\"text-align: justify;\">Die AGB werden durch die Datenschutzrichtlinie erg\u00e4nzt.<\/p>\n<ol style=\"text-align: justify;\">\n<li><strong>  Definitionen<\/strong><\/li>\n<\/ol>\n<p style=\"text-align: justify;\">Im weiteren Verlauf dieser AGB und aller damit zusammenh\u00e4ngenden Vertragsdokumente haben die Begriffe, deren erster Buchstabe in Gro\u00dfbuchstaben geschrieben ist, im Singular und Plural die folgende Bedeutung:<\/p>\n<p style=\"text-align: justify;\"><strong>&#8222;Allgemeine Gesch\u00e4ftsbedingungen&#8220;<\/strong> oder <strong>&#8222;AGB&#8220;:<\/strong> die vorliegenden <strong>Allgemeinen<\/strong> Gesch\u00e4ftsbedingungen f\u00fcr die Website.<\/p>\n<p style=\"text-align: justify;\"><strong>&#8222;Pers\u00f6nliche Daten&#8220;:<\/strong> die <strong>pers\u00f6nlichen<\/strong> Daten, die von 19 DIGITAL im Zusammenhang mit der Nutzung der Website durch die Nutzer gesammelt werden.<\/p>\n<p style=\"text-align: justify;\">  &#8222;<strong> 19 DIGITAL&#8220;:<\/strong> die Gesellschaft 19 Digital, eine vereinfachte Aktiengesellschaft mit einem Kapital von 7.500 Euro, eingetragen im Handelsregister von Tours unter der Nummer 839 559 739, mit Sitz in 1 Impasse du Palais, 37000 TOURS, vertreten durch Herrn Philippe Gorce, der als Vorsitzender fungiert.<\/p>\n<p style=\"text-align: justify;\"><strong>&#8222;Partei&#8220;:<\/strong> 19 DIGITAL und\/oder der Nutzer, einzeln und\/oder gemeinsam betrachtet.<\/p>\n<p style=\"text-align: justify;\"><strong>&#8222;Datenschutzrichtlinie&#8220;:<\/strong> die Richtlinie f\u00fcr die Verarbeitung der pers\u00f6nlichen Daten der Nutzer durch 19 DIGITAL, die auf der Website verf\u00fcgbar ist.<\/p>\n<p style=\"text-align: justify;\"><strong>&#8222;Website&#8220;:<\/strong> die Website 19digital.de und ihre Bestandteile (Computercode, grafische Elemente, Datenbanken, Dokumentation usw.) sowie jedes andere Mittel zur Anzeige der Website (wie z.B. eine Anwendung), die von 19 DIGITAL herausgegeben wird und auf der die Dienstleistungen erbracht werden.<\/p>\n<p style=\"text-align: justify;\"><strong>&#8222;Nutzer&#8220;:<\/strong> der Nutzer der Website, unabh\u00e4ngig davon, ob es sich um eine nat\u00fcrliche oder juristische Person handelt.<\/p>\n<p style=\"text-align: justify;\">Der Nutzer wird gebeten, diese AGB sorgf\u00e4ltig zu lesen, sie auszudrucken und\/oder auf einem dauerhaften Datentr\u00e4ger zu speichern.<\/p>\n<ol style=\"text-align: justify;\" start=\"2\">\n<li><strong>  Annahme und \u00c4nderung der AGB<\/strong><\/li>\n<\/ol>\n<p style=\"text-align: justify;\"><strong>2.1.<br \/>\nCadre des CG <\/strong><\/p>\n<p style=\"text-align: justify;\">Die AGB gelten f\u00fcr die Nutzung der Website durch den Nutzer und die von 19 DIGITAL erbrachten Dienstleistungen.<\/p>\n<p style=\"text-align: justify;\">19 DIGITAL beh\u00e4lt sich das Recht vor, die AGB jederzeit zu \u00e4ndern, indem sie eine neue Version der AGB auf ihrer Website ver\u00f6ffentlicht und den Nutzer per E-Mail oder durch eine Mitteilung bei seinem n\u00e4chsten Login auf der Website davon in Kenntnis setzt.<\/p>\n<p style=\"text-align: justify;\">Die f\u00fcr die Nutzung der Website geltenden AGB sind die zum Zeitpunkt der Nutzung g\u00fcltigen AGB.<\/p>\n<p style=\"text-align: justify;\">Diese AGB gelten f\u00fcr alle Nutzer der Website, ungeachtet des Landes, aus dem sie stammen und das sie besuchen.<\/p>\n<p style=\"text-align: justify;\">Die AGB gelten f\u00fcr die gesamte Dauer der Nutzung der Website durch den Nutzer, beginnend mit dem Datum ihrer Annahme.<\/p>\n<p style=\"text-align: justify;\">Im Falle einer \u00dcbersetzung in eine andere Sprache ist die franz\u00f6sische Version ma\u00dfgeblich.<br \/>\nDie AGB unterliegen dem franz\u00f6sischen Recht. <\/p>\n<p style=\"text-align: justify;\">Die rechtlichen Informationen \u00fcber 19 DIGITAL, die Erhebung und Verarbeitung personenbezogener Daten und die Bedingungen f\u00fcr die Nutzung der Website sind in diesen AGB, der Datenschutzrichtlinie und den rechtlichen Hinweisen der Website enthalten.<\/p>\n<p style=\"text-align: justify;\"><strong>2.2.<br \/>\nAcceptation des CG <\/strong><\/p>\n<p style=\"text-align: justify;\">Die Registrierung auf der Website und ihre Nutzung sowie die Nutzung der Dienste setzen die vorbehaltlose Annahme der vorliegenden AGB durch den Nutzer voraus.<\/p>\n<p style=\"text-align: justify;\">Der Nutzer best\u00e4tigt damit, dass er diese vollst\u00e4ndig zur Kenntnis genommen hat.<\/p>\n<p style=\"text-align: justify;\"><strong>2.3.<br \/>\nFin des CG <\/strong><\/p>\n<p style=\"text-align: justify;\">19 DIGITAL kann die Website jederzeit beenden.<\/p>\n<ol style=\"text-align: justify;\" start=\"3\">\n<li><strong>  Inhalt der Website<\/strong><\/li>\n<\/ol>\n<p style=\"text-align: justify;\">Die Website enth\u00e4lt die kommerziellen Angebote von 19 DIGITAL.<\/p>\n<p style=\"text-align: justify;\">Die auf der Website zur Verf\u00fcgung gestellten Videos werden vom Nutzer auf eigene Verantwortung genutzt.<br \/>\nDer Nutzer ist verpflichtet, alle von 19 DIGITAL angegebenen Warnungen und Vorsichtsma\u00dfnahmen zu beachten. <\/p>\n<ol style=\"text-align: justify;\" start=\"4\">\n<li><strong>  Auf der Website verf\u00fcgbare Funktionen<\/strong><\/li>\n<\/ol>\n<p style=\"text-align: justify;\">F\u00fcr die Nutzung der Website ist ein kompatibles Endger\u00e4t erforderlich.<br \/>\n19 DIGITAL \u00fcbernimmt keine Gew\u00e4hr f\u00fcr die Kompatibilit\u00e4t der Website mit dem Endger\u00e4t des Nutzers oder f\u00fcr die Dauerhaftigkeit der Kompatibilit\u00e4t.<br \/>\nDer Nutzer ist allein verantwortlich f\u00fcr die Zahlung der Kosten, die f\u00fcr den Zugang zur Website erforderlich sind (Internet, Terminal usw.).  <\/p>\n<ol style=\"text-align: justify;\" start=\"5\">\n<li><strong>  Beziehungen zwischen den Parteien<\/strong><\/li>\n<\/ol>\n<p style=\"text-align: justify;\">Die Nutzer haben an 19 DIGITAL alle Betr\u00e4ge zu zahlen, die in den AGB f\u00fcr die Dienstleistungen vorgesehen sind.<\/p>\n<ol style=\"text-align: justify;\" start=\"6\">\n<li><strong>  Pflichten der Parteien<\/strong><\/li>\n<\/ol>\n<p style=\"text-align: justify;\"><strong>6.1.<br \/>\nObligations de 19 DIGITAL <\/strong><\/p>\n<p style=\"text-align: justify;\">19 DIGITAL wird sich nach besten Kr\u00e4ften bem\u00fchen, die Website zug\u00e4nglich und verf\u00fcgbar zu halten, ohne eine Verpflichtung zur Erzielung eines Ergebnisses einzugehen.<\/p>\n<p style=\"text-align: justify;\">19 DIGITAL verpflichtet sich nicht zu :<\/p>\n<ul style=\"text-align: justify;\">\n<li>Eine Ergebnisverpflichtung in Bezug auf die Bereitstellung der Website.<\/li>\n<li>dass die Website frei von Fehlern oder st\u00e4ndig verf\u00fcgbar ist.<\/li>\n<li>die H\u00e4ufigkeit der Wartung oder Aktualisierung der Website.<\/li>\n<li>die Qualit\u00e4t der Dienstleistungen f\u00fcr die Website<\/li>\n<li>Ein beliebiges Niveau an Service und Verf\u00fcgbarkeit f\u00fcr die Website.<\/li>\n<li>Eine beliebige Dauer der Unterst\u00fctzung der Website.<\/li>\n<\/ul>\n<p style=\"text-align: justify;\">19 DIGITAL wird sich lediglich bem\u00fchen, die Website auf sichere Art und Weise zu betreiben, und zwar im Rahmen einer Verpflichtung zur Bereitstellung von Mitteln.<br \/>\n19 DIGITAL garantiert jedoch nicht die absolute Sicherheit der Website. <\/p>\n<p style=\"text-align: justify;\">19 DIGITAL kann die Website jederzeit ohne Vorank\u00fcndigung oder Benachrichtigung aussetzen, \u00e4ndern oder zur\u00fcckziehen und ihre Unterst\u00fctzung einstellen, ohne dass sie daf\u00fcr haftbar gemacht werden kann.<\/p>\n<p style=\"text-align: justify;\"><strong>6.2.<br \/>\nObligations de l\u2019Utilisateur <\/strong><\/p>\n<p style=\"text-align: justify;\">Der Nutzer darf die Website in \u00dcbereinstimmung mit diesen AGB und unter Ausschluss aller anderen Rechte nutzen.<\/p>\n<ol style=\"text-align: justify;\" start=\"7\">\n<li><strong>  Pers\u00f6nliche Daten<\/strong><\/li>\n<\/ol>\n<p style=\"text-align: justify;\">Der Nutzer ist dar\u00fcber informiert, dass die pers\u00f6nlichen Daten, die er direkt oder indirekt an 19 DIGITAL \u00fcbermittelt, automatisch verarbeitet werden.<\/p>\n<p style=\"text-align: justify;\">Die Datenschutzbestimmungen von 19 DIGITAL k\u00f6nnen im Internet unter folgender Adresse eingesehen werden: https: <a href=\"https:\/\/19digital.fr\/de\/datenschutzrichtlinie\/\">\/\/19digital.fr\/politique-de-confidentialite\/<\/a><\/p>\n<ol style=\"text-align: justify;\" start=\"8\">\n<li><strong>  Kontakt<\/strong><\/li>\n<\/ol>\n<p style=\"text-align: justify;\">Der Kundenservice von 19 DIGITAL kann \u00fcber das entsprechende Tool auf der Website oder per E-Mail unter der Adresse: 19 DIGITAL &#8211; 1 impasse du Palais &#8211; 37000 TOURS kontaktiert werden.<\/p>\n<ol style=\"text-align: justify;\" start=\"9\">\n<li><strong>  Verantwortung<\/strong><\/li>\n<\/ol>\n<p style=\"text-align: justify;\">Die Haftung von 19 DIGITAL ist strikt auf die technische Bereitstellung der Website beschr\u00e4nkt.<\/p>\n<p style=\"text-align: justify;\">Gem\u00e4\u00df dem Abschnitt &#8222;Verpflichtungen von 19 DIGITAL&#8220; haftet 19 DIGITAL jedoch nicht f\u00fcr die Bereitstellung, Verf\u00fcgbarkeit, Wartung und Nutzung der Website.<br \/>\nEs wird keine ausdr\u00fcckliche oder stillschweigende Garantie f\u00fcr die Qualit\u00e4t der Website und deren Eignung f\u00fcr die Bed\u00fcrfnisse des Nutzers gegeben. <\/p>\n<p style=\"text-align: justify;\">19 DIGITAL ist nicht verantwortlich f\u00fcr die Nutzung der auf der Website bereitgestellten Informationen und Tools durch den Nutzer.<br \/>\nDies schlie\u00dft insbesondere Verletzungen oder gesundheitliche Probleme des Nutzers oder einer dritten Person aufgrund der auf der Website angebotenen \u00dcbungen ein. <\/p>\n<p style=\"text-align: justify;\">Der Nutzer wird darauf hingewiesen, dass die Nutzung der Website auf seine eigene Verantwortung erfolgt.<\/p>\n<p style=\"text-align: justify;\">19 DIGITAL \u00fcbernimmt keine Verantwortung f\u00fcr die unabh\u00e4ngige Beziehung zwischen den einzelnen Nutzern.<br \/>\nNur die Nutzer haften in dieser Hinsicht gem\u00e4\u00df den Vertr\u00e4gen und Verpflichtungen, die sie verbinden. <\/p>\n<p style=\"text-align: justify;\">In jedem Fall ist die Haftung von 19 DIGITAL gegen\u00fcber einem Nutzer f\u00fcr einen Schaden streng auf den Preis begrenzt, den der Nutzer f\u00fcr den bezahlten Dienst f\u00fcr den Zeitraum (Monat oder Jahr, je nach Fall) bezahlt hat, der zu dem haftungsbegr\u00fcndenden Ereignis gef\u00fchrt hat.<br \/>\nWenn der Nutzer keinen Betrag f\u00fcr die Dienste gezahlt hat, haftet 19 DIGITAL nicht, was der Nutzer akzeptiert. <\/p>\n<p style=\"text-align: justify;\">In jedem Fall kann 19 DIGITAL nur f\u00fcr direkte Sch\u00e4den haftbar gemacht werden.<br \/>\n19 DIGITAL kann nicht f\u00fcr indirekte Sch\u00e4den haftbar gemacht werden. <\/p>\n<p style=\"text-align: justify;\">Diese Haftungsbeschr\u00e4nkung bezieht sich auf alle Arten von Folgesch\u00e4den, einschlie\u00dflich, aber nicht beschr\u00e4nkt auf Betriebsverluste, Umsatzverluste, Auftragsverluste, entgangene Gewinne, Verlust von Daten oder anderen Informationen, Verlust von Kunden, Verlust von erwarteten Einsparungen, Sch\u00e4digung des Images und des Rufs, Verlust von Chancen.<\/p>\n<p style=\"text-align: justify;\">19 DIGITAL haftet auch nicht f\u00fcr Sch\u00e4den, die durch b\u00f6sartige Software, Viren oder durch Ungenauigkeiten oder Auslassungen von Informationen verursacht werden, es sei denn, die Sch\u00e4den sind auf eine vors\u00e4tzliche Handlung oder grobe Fahrl\u00e4ssigkeit seitens 19 DIGITAL zur\u00fcckzuf\u00fchren.<\/p>\n<ol style=\"text-align: justify;\" start=\"10\">\n<li><strong>  Garantie<\/strong><\/li>\n<\/ol>\n<p style=\"text-align: justify;\">Der Nutzer erkl\u00e4rt sich damit einverstanden, 19 DIGITAL von allen Klagen oder Anspr\u00fcchen Dritter aufgrund seiner Nutzung der Website oder seiner Nichteinhaltung einer dieser AGB freizustellen und schadlos zu halten.<\/p>\n<p style=\"text-align: justify;\">In diesem Zusammenhang verpflichtet er sich, alle Sch\u00e4den zu \u00fcbernehmen, zu denen 19 DIGITAL verurteilt werden k\u00f6nnte, sowie alle Gerichtskosten und Honorare, die 19 DIGITAL in diesem Zusammenhang entstehen.<\/p>\n<p style=\"text-align: justify;\">19 DIGITAL wird den Nutzer so bald wie m\u00f6glich \u00fcber eine solche Beschwerde oder Klage informieren.<\/p>\n<p style=\"text-align: justify;\">19 DIGITAL beh\u00e4lt sich das Recht vor, nach eigener Wahl und auf eigene Kosten an der Verteidigung und\/oder g\u00fctlichen Beilegung eines Anspruchs teilzunehmen oder die Verteidigung und Kontrolle des Verfahrens allein zu \u00fcbernehmen, ohne den Nutzer von seinen Verpflichtungen zur Entsch\u00e4digung und zur \u00dcbernahme der Kosten und Honorare zu entbinden.<\/p>\n<p style=\"text-align: justify;\">Der Nutzer verpflichtet sich, ohne die vorherige schriftliche Zustimmung von 19 DIGITAL keine einvernehmliche L\u00f6sung zu akzeptieren, die 19 DIGITAL haftbar macht oder ihr irgendeine Verpflichtung auferlegt.<\/p>\n<ol style=\"text-align: justify;\" start=\"11\">\n<li><strong>  Allgemeines<\/strong><\/li>\n<\/ol>\n<p style=\"text-align: justify;\"><strong>11.1.<br \/>\nM\u00e9diation <\/strong><\/p>\n<p style=\"text-align: justify;\">Dieser Artikel gilt nur f\u00fcr Nutzer, die Verbraucher sind.<\/p>\n<p style=\"text-align: justify;\">In Anwendung der Artikel L616-1 ff. und R616-1 ff. des Verbraucherschutzgesetzes kann der Nutzer im Falle einer Streitigkeit mit 19 DIGITAL den Verbraucherschlichter \u00fcber den folgenden Link anrufen: https: <a href=\"https:\/\/ec.europa.eu\/consumers\/odr\/main\/index.cfm?event=main.home2.show&amp;lng=FR\">\/\/ec.europa.eu\/consumers\/odr\/main\/index.cfm?event=main.home2.show&amp;lng=FR<\/a><\/p>\n<p style=\"text-align: justify;\">Es steht dem Nutzer frei, sich f\u00fcr oder gegen eine Schlichtung zu entscheiden.<\/p>\n<p style=\"text-align: justify;\">Die Vermittlung ist f\u00fcr den Nutzer kostenlos.<\/p>\n<p style=\"text-align: justify;\"><strong>11.2.<br \/>\nRespect de la l\u00e9gislation <\/strong><\/p>\n<p style=\"text-align: justify;\">Die Website entspricht den franz\u00f6sischen Vorschriften.<br \/>\nFolglich kann 19 DIGITAL nicht haftbar gemacht werden, wenn ein Nutzer au\u00dferhalb des franz\u00f6sischen Hoheitsgebiets die Website nutzt und die anwendbaren ausl\u00e4ndischen Vorschriften nicht eingehalten werden. <\/p>\n<p style=\"text-align: justify;\">Die Nutzer sollten sich insbesondere mit den lokalen und nationalen Gesetzen vertraut machen, um sicherzustellen, dass sie diese bei der Nutzung der Website einhalten.<\/p>\n<p style=\"text-align: justify;\"><strong>11.3.<br \/>\nInt\u00e9gralit\u00e9 de l\u2019accord <\/strong><\/p>\n<p style=\"text-align: justify;\">Die vorliegenden AGB haben Vorrang vor allen anderen Bestimmungen, die m\u00f6glicherweise auf die Beziehung zwischen 19 DIGITAL und dem Nutzer anwendbar sind.<br \/>\nDiese AGB ersetzen alle vorherigen Verpflichtungen der Parteien in Bezug auf den Gegenstand und stellen die gesamte Vereinbarung zwischen den Parteien in Bezug auf den Gegenstand dieser AGB dar. <\/p>\n<p style=\"text-align: justify;\"><strong>11.4.<br \/>\nExclusivit\u00e9 <\/strong><\/p>\n<p style=\"text-align: justify;\">Durch die Annahme dieser AGB wird zwischen den Parteien keine Exklusivit\u00e4t vereinbart.<br \/>\nDie Parteien bleiben frei, mit Dritten ihrer Wahl Vertr\u00e4ge abzuschlie\u00dfen. <\/p>\n<p style=\"text-align: justify;\"><strong>11.5.<br \/>\nSurvie de certaines stipulations <\/strong><\/p>\n<p style=\"text-align: justify;\">Die Beendigung dieser AGB, aus welchem Grund auch immer, gilt nicht als Beendigung von Klauseln, deren Natur oder Inhalt ihre Aufrechterhaltung erfordert.<\/p>\n<p style=\"text-align: justify;\"><strong>11.6.<br \/>\nNon-validit\u00e9 partielle <\/strong><\/p>\n<p style=\"text-align: justify;\">Wenn eine oder mehrere Bestimmungen dieser AGB durch ein Gesetz, eine Verordnung oder eine endg\u00fcltige Entscheidung eines zust\u00e4ndigen Gerichts f\u00fcr ung\u00fcltig erkl\u00e4rt werden, gelten sie als nicht geschrieben, und die \u00fcbrigen Bestimmungen behalten ihre volle Kraft und Bedeutung.<\/p>\n<p style=\"text-align: justify;\"><strong>11.7.<br \/>\nNon-renonciation et tol\u00e9rance <\/strong><\/p>\n<p style=\"text-align: justify;\">Die Tatsache, dass sich 19 DIGITAL gegen\u00fcber der anderen Partei nicht auf die Nichteinhaltung einer der in diesen AGB genannten Verpflichtungen beruft, kann f\u00fcr die Zukunft nicht als Verzicht auf die betreffende Verpflichtung ausgelegt werden und hat nicht zur Folge, dass der anderen Partei erworbene Rechte einger\u00e4umt werden.<\/p>\n<p style=\"text-align: justify;\">Ein Vers\u00e4umnis oder eine Verz\u00f6gerung bei der Aus\u00fcbung eines Rechts durch 19 DIGITAL kann nicht als ein Verzicht auf dieses Recht ausgelegt werden.<\/p>\n<p style=\"text-align: justify;\"><strong>11.8.<br \/>\nInd\u00e9pendance <\/strong><\/p>\n<p style=\"text-align: justify;\">Keine der Parteien darf im Namen und\/oder f\u00fcr Rechnung der anderen Partei eine Verpflichtung eingehen.<br \/>\nDar\u00fcber hinaus bleibt jede Partei f\u00fcr ihre Handlungen, Behauptungen, Verpflichtungen, Leistungen, Produkte und Personen allein verantwortlich. <\/p>\n<p style=\"text-align: justify;\">Die Nutzer sind alle unabh\u00e4ngig voneinander.<\/p>\n<p style=\"text-align: justify;\"><strong>11.9.<br \/>\nPreuve <\/strong><\/p>\n<p style=\"text-align: justify;\">Die Parteien erkl\u00e4ren sich damit einverstanden, dass die gesamte elektronische Kommunikation, insbesondere E-Mail, als Beweis zwischen ihnen gilt.<\/p>\n<p style=\"text-align: justify;\">Der Nutzer erkennt insbesondere den Beweiswert der automatischen Aufzeichnungssysteme von 19 DIGITAL an und verzichtet, sofern er keinen Gegenbeweis erbringen kann, darauf, diese im Falle eines Rechtsstreits anzufechten.<\/p>\n<p style=\"text-align: justify;\"><strong>11.10.<br \/>\nForce Majeure <\/strong><\/p>\n<p style=\"text-align: justify;\">Im Zusammenhang mit der Erf\u00fcllung dieser AGB haftet 19 DIGITAL nicht, wenn die Website aufgrund eines Ereignisses h\u00f6herer Gewalt nicht mehr funktioniert.<\/p>\n<p style=\"text-align: justify;\">F\u00fcr die Zwecke dieser AGB wird h\u00f6here Gewalt als jedes unvorhersehbare, unwiderstehliche und au\u00dferhalb der Parteien liegende Ereignis im Sinne des franz\u00f6sischen Rechts und der Rechtsprechung verstanden.<\/p>\n<p style=\"text-align: justify;\">Bei Eintritt eines Falles h\u00f6herer Gewalt wird sich 19 DIGITAL nach besten Kr\u00e4ften bem\u00fchen, den Betrieb der Website zu erm\u00f6glichen.<\/p>\n<p style=\"text-align: justify;\">Wenn die h\u00f6here Gewalt fortbesteht, kann 19 DIGITAL die Dienste der Website ohne Vorank\u00fcndigung und ohne Haftung beenden.<\/p>\n<p style=\"text-align: justify;\"><strong>11.11.<br \/>\nJuridiction comp\u00e9tente <\/strong><\/p>\n<p style=\"text-align: justify;\">Alle Streitigkeiten in Bezug auf die Ausf\u00fchrung oder Auslegung der vorliegenden AGB, die nicht g\u00fctlich zwischen den Parteien beigelegt werden k\u00f6nnen, werden dem zust\u00e4ndigen Gericht im Zust\u00e4ndigkeitsbereich des Berufungsgerichts von Tours vorgelegt, auch im Falle einer einstweiligen Verf\u00fcgung, eines Garantieanspruchs oder einer Vielzahl von Beklagten und unabh\u00e4ngig vom Herkunftsland des Nutzers.<\/p>\n<p>[\/vc_column_text][\/vc_column][\/vc_row]<\/p>\n<\/div>","protected":false},"excerpt":{"rendered":"<p>[vc_row][vc_column][vc_column_text] Allgemeine Nutzungsbedingungen Aktualisiert am 9. Dezember 2019 19 DIGITAL stellt eine Website zur Verf\u00fcgung, auf der das kommerzielle Angebot von 19 DIGITAL vorgestellt wird. Die vorliegenden AGB legen die Bedingungen und Modalit\u00e4ten f\u00fcr die Nutzung der Website durch die Nutzer fest. Die AGB werden durch die Datenschutzrichtlinie erg\u00e4nzt. Definitionen Im weiteren Verlauf dieser AGB&hellip;<\/p>\n","protected":false},"author":1,"featured_media":0,"parent":0,"menu_order":0,"comment_status":"closed","ping_status":"closed","template":"template-microsite.php","meta":{"footnotes":""},"class_list":["post-2724","page","type-page","status-publish","hentry","description-off"],"_links":{"self":[{"href":"https:\/\/19digital.fr\/de\/wp-json\/wp\/v2\/pages\/2724","targetHints":{"allow":["GET"]}}],"collection":[{"href":"https:\/\/19digital.fr\/de\/wp-json\/wp\/v2\/pages"}],"about":[{"href":"https:\/\/19digital.fr\/de\/wp-json\/wp\/v2\/types\/page"}],"author":[{"embeddable":true,"href":"https:\/\/19digital.fr\/de\/wp-json\/wp\/v2\/users\/1"}],"replies":[{"embeddable":true,"href":"https:\/\/19digital.fr\/de\/wp-json\/wp\/v2\/comments?post=2724"}],"version-history":[{"count":8,"href":"https:\/\/19digital.fr\/de\/wp-json\/wp\/v2\/pages\/2724\/revisions"}],"predecessor-version":[{"id":2753,"href":"https:\/\/19digital.fr\/de\/wp-json\/wp\/v2\/pages\/2724\/revisions\/2753"}],"wp:attachment":[{"href":"https:\/\/19digital.fr\/de\/wp-json\/wp\/v2\/media?parent=2724"}],"curies":[{"name":"wp","href":"https:\/\/api.w.org\/{rel}","templated":true}]}}