{"id":3490,"date":"2024-09-09T12:10:10","date_gmt":"2024-09-09T10:10:10","guid":{"rendered":"https:\/\/19digital.fr\/ki-digital-und-e-commerce\/"},"modified":"2024-09-12T10:45:26","modified_gmt":"2024-09-12T08:45:26","slug":"ki-digital-und-e-commerce","status":"publish","type":"page","link":"https:\/\/19digital.fr\/de\/ki-digital-und-e-commerce\/","title":{"rendered":"IA, DIGITAL &amp; E-COMMERCE"},"content":{"rendered":"<div class=\"wpb-content-wrapper\"><p>[vc_row][vc_column]<div id=\"ultimate-heading-988069ee79f7af888\" class=\"uvc-heading ult-adjust-bottom-margin ultimate-heading-988069ee79f7af888 uvc-9875 \" data-hspacer=\"no_spacer\"  data-halign=\"center\" style=\"text-align:center\"><div class=\"uvc-heading-spacer no_spacer\" style=\"top\"><\/div><div class=\"uvc-main-heading ult-responsive\"  data-ultimate-target='.uvc-heading.ultimate-heading-988069ee79f7af888 h1'  data-responsive-json-new='{\"font-size\":\"desktop:42px;mobile_landscape:34px;\",\"line-height\":\"desktop:52px;mobile_landscape:44px;\"}' ><h1 style=\"font-weight:bold;\">INNOVIEREN SIE MIT WERKZEUGEN DER NEUESTEN GENERATION<\/h1><\/div><\/div>[\/vc_column][\/vc_row][vc_row css=&#8220;.vc_custom_1725875890336{padding-top: 96px !important;}&#8220; el_id=&#8220;Titel1&#8243;][vc_column width=&#8220;1\/4&#8243; css=&#8220;.vc_custom_1725870559738{padding-bottom: 48px !important;}&#8220;][vc_single_image image=&#8220;3626&#8243; img_size=&#8220;large&#8220; alignment=&#8220;center&#8220; css=&#8220;&#8220;][\/vc_column][vc_column width=&#8220;3\/4&#8243;]<div id=\"ultimate-heading-780769ee79f7af8f7\" class=\"uvc-heading ult-adjust-bottom-margin ultimate-heading-780769ee79f7af8f7 uvc-1438  uvc-heading-default-font-sizes\" data-hspacer=\"line_only\"  data-halign=\"center\" style=\"text-align:center\"><div class=\"uvc-main-heading ult-responsive\"  data-ultimate-target='.uvc-heading.ultimate-heading-780769ee79f7af8f7 h3'  data-responsive-json-new='{\"font-size\":\"\",\"line-height\":\"\"}' ><h3 style=\"--font-weight:theme;margin-bottom:24px;\">NUTZEN SIE DIE KRAFT DER K\u00dcNSTLICHEN INTELLIGENZ<\/h3><\/div><div class=\"uvc-heading-spacer line_only\" style=\"topheight:1px;\"><span class=\"uvc-headings-line\" style=\"border-style:solid;border-bottom-width:1px;border-color:#DD9933;width:200px;\"><\/span><\/div><\/div>[vc_empty_space][vc_column_text css=&#8220;&#8220;]<\/p>\n<h4><strong>K\u00fcnstliche Intelligenz<\/strong> ver\u00e4ndert die Welt des Sports, und <strong>19 DIGITAL<\/strong> steht an Ihrer Seite, um Ihnen zu helfen, das Beste daraus zu machen.<br \/>\nWir nutzen innovative L\u00f6sungen, um komplexe Daten zu analysieren, Wachstumschancen zu identifizieren und die Kundenerfahrung zu personalisieren. <\/h4>\n<p>[\/vc_column_text][\/vc_column][\/vc_row][vc_row css=&#8220;.vc_custom_1725875899039{padding-bottom: 96px !important;background-color: #FFFFFF !important;}&#8220; el_id=&#8220;Text auf Seite 1&#8243;][vc_column][vc_column_text css=&#8220;&#8220;]<\/p>\n<p style=\"text-align: justify;\">Mithilfe von KI helfen wir Ihnen, Trends zu antizipieren und die Bed\u00fcrfnisse Ihrer Kunden besser zu verstehen.<br \/>\nUnsere L\u00f6sungen helfen Ihnen, Ihre Marketingkampagnen zu optimieren und die Effektivit\u00e4t Ihrer Strategie zu erh\u00f6hen, um sich von der Konkurrenz abzuheben. <\/p>\n<p style=\"text-align: justify;\">K\u00fcnstliche Intelligenz ist auch ein m\u00e4chtiges Werkzeug zur Verbesserung der <strong>Kundenbindung<\/strong> und zur Maximierung Ihres Return on Investment (ROI).<\/p>\n<p style=\"text-align: justify;\">Entscheiden Sie sich f\u00fcr Innovation, um Ihre Gesch\u00e4ftsleistung zu steigern.<\/p>\n<p>[\/vc_column_text][\/vc_column][\/vc_row][vc_row bg_type=&#8220;bg_color&#8220; bg_override=&#8220;full&#8220; bg_color_value=&#8220;#052833C2&#8243; css=&#8220;.vc_custom_1725875907839{padding-top: 96px !important;}&#8220; el_id=&#8220;Titel2&#8243;][vc_column width=&#8220;1\/4&#8243; css=&#8220;.vc_custom_1725872198775{padding-bottom: 48px !important;}&#8220;][vc_single_image image=&#8220;1776&#8243; img_size=&#8220;large&#8220; alignment=&#8220;center&#8220; css=&#8220;&#8220;][\/vc_column][vc_column width=&#8220;3\/4&#8243;]<div id=\"ultimate-heading-54269ee79f7af953\" class=\"uvc-heading ult-adjust-bottom-margin ultimate-heading-54269ee79f7af953 uvc-3461  uvc-heading-default-font-sizes\" data-hspacer=\"line_only\"  data-halign=\"center\" style=\"text-align:center\"><div class=\"uvc-main-heading ult-responsive\"  data-ultimate-target='.uvc-heading.ultimate-heading-54269ee79f7af953 h3'  data-responsive-json-new='{\"font-size\":\"\",\"line-height\":\"\"}' ><h3 style=\"--font-weight:theme;color:#FFFFFF;margin-bottom:24px;\">ENTWICKELN SIE IHRE DIGITALE SICHTBARKEIT<\/h3><\/div><div class=\"uvc-heading-spacer line_only\" style=\"topheight:1px;\"><span class=\"uvc-headings-line\" style=\"border-style:solid;border-bottom-width:1px;border-color:#DD9933;width:200px;\"><\/span><\/div><\/div>[vc_empty_space][vc_column_text css=&#8220;&#8220;]<\/p>\n<h4><span style=\"color: #ffffff;\">In einer zunehmend vernetzten Welt ist eine gut durchdachte <strong>digitale<\/strong> Strategie entscheidend f\u00fcr den Erfolg. <strong>19 DIGITAL<\/strong> unterst\u00fctzt Sie bei der Einf\u00fchrung ma\u00dfgeschneiderter digitaler L\u00f6sungen, um Ihre Sichtbarkeit zu erh\u00f6hen und neue Kunden zu gewinnen.<\/span><\/h4>\n<p>[\/vc_column_text][\/vc_column][\/vc_row][vc_row bg_type=&#8220;bg_color&#8220; bg_override=&#8220;full&#8220; css=&#8220;.vc_custom_1725875915896{padding-bottom: 96px !important;background-color: #FFFFFF !important;}&#8220; bg_color_value=&#8220;#052833C2&#8243; el_id=&#8220;Text auf Seite 2&#8243;][vc_column][vc_column_text css=&#8220;&#8220;]<\/p>\n<p style=\"text-align: justify;\"><span style=\"color: #ffffff;\">Wir nutzen bew\u00e4hrte Techniken, um Ihre <strong>Online-Pr\u00e4senz<\/strong> zu verbessern: Suchmaschinenoptimierung, soziale Netzwerke, Werbekampagnen&#8230;.<br \/>\nJede Ma\u00dfnahme ist darauf ausgerichtet, Ihr Markenimage zu st\u00e4rken und gleichzeitig konkrete Ergebnisse zu erzielen. <\/span><\/p>\n<p style=\"text-align: justify;\"><span style=\"color: #ffffff;\">Mit unserem Fachwissen k\u00f6nnen Sie Ihre digitale Leistung kontrollieren und Ihre Ziele schneller erreichen, indem Sie Ihre Werte und Ihre einzigartige Identit\u00e4t hervorheben.<\/span><\/p>\n<p>[\/vc_column_text][\/vc_column][\/vc_row][vc_row css=&#8220;.vc_custom_1725875923388{padding-top: 96px !important;}&#8220; el_id=&#8220;Titel3&#8243;][vc_column width=&#8220;1\/4&#8243; css=&#8220;.vc_custom_1725870559738{padding-bottom: 48px !important;}&#8220;][vc_single_image image=&#8220;3632&#8243; img_size=&#8220;large&#8220; alignment=&#8220;center&#8220; css=&#8220;&#8220;][\/vc_column][vc_column width=&#8220;3\/4&#8243;]<div id=\"ultimate-heading-244269ee79f7af9a9\" class=\"uvc-heading ult-adjust-bottom-margin ultimate-heading-244269ee79f7af9a9 uvc-649  uvc-heading-default-font-sizes\" data-hspacer=\"line_only\"  data-halign=\"center\" style=\"text-align:center\"><div class=\"uvc-main-heading ult-responsive\"  data-ultimate-target='.uvc-heading.ultimate-heading-244269ee79f7af9a9 h3'  data-responsive-json-new='{\"font-size\":\"\",\"line-height\":\"\"}' ><h3 style=\"--font-weight:theme;margin-bottom:24px;\">STEIGERN SIE IHR EINKOMMEN MIT E-COMMERCE.<\/h3><\/div><div class=\"uvc-heading-spacer line_only\" style=\"topheight:1px;\"><span class=\"uvc-headings-line\" style=\"border-style:solid;border-bottom-width:1px;border-color:#DD9933;width:200px;\"><\/span><\/div><\/div>[vc_empty_space][vc_column_text css=&#8220;&#8220;]<\/p>\n<h4><strong>E-Commerce<\/strong> ist heute ein unumg\u00e4nglicher Hebel, um Ihr Gesch\u00e4ft zu entwickeln.<br \/>\nBei <strong>19 DIGITAL<\/strong> optimieren wir Ihre E-Commerce-Plattformen f\u00fcr ein fl\u00fcssiges und leistungsstarkes <strong>Benutzererlebnis<\/strong> und steigern so Ihre Konversionen. <\/h4>\n<p>[\/vc_column_text][\/vc_column][\/vc_row][vc_row css=&#8220;.vc_custom_1725875931248{background-color: #FFFFFF !important;}&#8220; el_id=&#8220;Text auf Seite 3&#8243;][vc_column][vc_column_text css=&#8220;&#8220;]<\/p>\n<p style=\"text-align: justify;\">Von der <strong>Einrichtung von Online-Shops<\/strong> bis zur Optimierung von Verkaufstunneln helfen wir Ihnen, jede Interaktion mit Ihren Kunden zu maximieren.<br \/>\nUnsere L\u00f6sungen sind so konzipiert, dass sie das Einkaufserlebnis vereinfachen, die Kundenbindung f\u00f6rdern und gleichzeitig Ihre Einnahmen steigern. <\/p>\n<p style=\"text-align: justify;\">Bieten Sie Ihren Kunden ein einzigartiges, effizientes und ma\u00dfgeschneidertes Online-Einkaufserlebnis mit konkreten Ergebnissen f\u00fcr Ihr Gesch\u00e4ft.<\/p>\n<p>[\/vc_column_text][\/vc_column][\/vc_row][vc_row css=&#8220;.vc_custom_1725976204180{padding-top: 48px !important;}&#8220;][vc_column width=&#8220;1\/4&#8243;][\/vc_column][vc_column width=&#8220;1\/2&#8243;]\n<div tabindex=\"0\" id=\"interactive-banner-1-wrap-8507\" class=\"ult-banner-block ult-adjust-bottom-margin ult-bb-box ult-banner-block-custom-height banner-style11 \"   style=\"height:400px;\">\n\t<img decoding=\"async\" src=\"https:\/\/19digital.fr\/wp-content\/uploads\/2024\/09\/ecommerce-france.png\" alt=\"null\">\n\t<h3  data-ultimate-target='#interactive-banner-1-wrap-8507 .bb-top-title '  data-responsive-json-new='{\"font-size\":\"\",\"line-height\":\"\"}'  class=\"title-center bb-top-title ult-responsive\" style=\"font-weight:normal;background:#242424;color:#ffffff;\">Frankreich an der Spitze des europ\u00e4ischen E-Commerce<\/h3>\n\t<div class=\"mask opaque-background\" style=\"background:#052833C2;\">\n\t\t<div  data-ultimate-target='#interactive-banner-1-wrap-8507 .bb-description'  data-responsive-json-new='{\"font-size\":\"\",\"line-height\":\"\"}'  class=\"bb-description ult-responsive\" style=\"font-weight:normal;color:#ffffff;\">Klicken Sie hier, um mehr zu erfahren<\/div>\n\t<\/div><a class=\"bb-link\" href=\"https:\/\/19digital.fr\/2024\/09\/06\/le-e-commerce-en-europe-atteint-pres-de-1-000-milliards-deuros-la-france-en-tete-avec-une-croissance-de-105\/\" title=\"Le e-commerce en Europe atteint pr\u00e8s de 1 000 milliards d\u2019euros : La France en t\u00eate avec une croissance de 10,5 %\" ><\/a>\n<\/div>[\/vc_column][vc_column width=&#8220;1\/4&#8243;][\/vc_column][\/vc_row]<\/p>\n<\/div>","protected":false},"excerpt":{"rendered":"<p>[vc_row][vc_column][\/vc_column][\/vc_row][vc_row css=&#8220;.vc_custom_1725875890336{padding-top: 96px !important;}&#8220; el_id=&#8220;Titel1&#8243;][vc_column width=&#8220;1\/4&#8243; css=&#8220;.vc_custom_1725870559738{padding-bottom: 48px !important;}&#8220;][vc_single_image image=&#8220;3626&#8243; img_size=&#8220;large&#8220; alignment=&#8220;center&#8220; css=&#8220;&#8220;][\/vc_column][vc_column width=&#8220;3\/4&#8243;][vc_empty_space][vc_column_text css=&#8220;&#8220;] K\u00fcnstliche Intelligenz ver\u00e4ndert die Welt des Sports, und 19 DIGITAL steht an Ihrer Seite, um Ihnen zu helfen, das Beste daraus zu machen. Wir nutzen innovative L\u00f6sungen, um komplexe Daten zu analysieren, Wachstumschancen zu identifizieren und die Kundenerfahrung zu personalisieren.&hellip;<\/p>\n","protected":false},"author":1,"featured_media":0,"parent":0,"menu_order":0,"comment_status":"closed","ping_status":"closed","template":"template-microsite.php","meta":{"footnotes":""},"class_list":["post-3490","page","type-page","status-publish","hentry","description-off"],"_links":{"self":[{"href":"https:\/\/19digital.fr\/de\/wp-json\/wp\/v2\/pages\/3490","targetHints":{"allow":["GET"]}}],"collection":[{"href":"https:\/\/19digital.fr\/de\/wp-json\/wp\/v2\/pages"}],"about":[{"href":"https:\/\/19digital.fr\/de\/wp-json\/wp\/v2\/types\/page"}],"author":[{"embeddable":true,"href":"https:\/\/19digital.fr\/de\/wp-json\/wp\/v2\/users\/1"}],"replies":[{"embeddable":true,"href":"https:\/\/19digital.fr\/de\/wp-json\/wp\/v2\/comments?post=3490"}],"version-history":[{"count":9,"href":"https:\/\/19digital.fr\/de\/wp-json\/wp\/v2\/pages\/3490\/revisions"}],"predecessor-version":[{"id":3967,"href":"https:\/\/19digital.fr\/de\/wp-json\/wp\/v2\/pages\/3490\/revisions\/3967"}],"wp:attachment":[{"href":"https:\/\/19digital.fr\/de\/wp-json\/wp\/v2\/media?parent=3490"}],"curies":[{"name":"wp","href":"https:\/\/api.w.org\/{rel}","templated":true}]}}