{"id":3519,"date":"2024-09-09T12:12:38","date_gmt":"2024-09-09T10:12:38","guid":{"rendered":"https:\/\/19digital.fr\/image-und-kommunikation\/"},"modified":"2024-09-12T10:45:26","modified_gmt":"2024-09-12T08:45:26","slug":"image-und-kommunikation","status":"publish","type":"page","link":"https:\/\/19digital.fr\/de\/image-und-kommunikation\/","title":{"rendered":"IMAGE &amp; KOMMUNIKATION"},"content":{"rendered":"<div class=\"wpb-content-wrapper\"><p>[vc_row][vc_column]<div id=\"ultimate-heading-349369d81c4a99c47\" class=\"uvc-heading ult-adjust-bottom-margin ultimate-heading-349369d81c4a99c47 uvc-1840 \" data-hspacer=\"no_spacer\"  data-halign=\"center\" style=\"text-align:center\"><div class=\"uvc-heading-spacer no_spacer\" style=\"top\"><\/div><div class=\"uvc-main-heading ult-responsive\"  data-ultimate-target='.uvc-heading.ultimate-heading-349369d81c4a99c47 h1'  data-responsive-json-new='{\"font-size\":\"desktop:42px;mobile_landscape:34px;\",\"line-height\":\"desktop:52px;mobile_landscape:44px;\"}' ><h1 style=\"font-weight:bold;\">ST\u00c4RKEN SIE IHR IMAGE UND IHRE DIGITALE KOMMUNIKATION<\/h1><\/div><\/div>[\/vc_column][\/vc_row][vc_row css=&#8220;.vc_custom_1725875890336{padding-top: 96px !important;}&#8220; el_id=&#8220;Titel1&#8243;][vc_column width=&#8220;1\/4&#8243; css=&#8220;.vc_custom_1725870559738{padding-bottom: 48px !important;}&#8220;][vc_single_image image=&#8220;3637&#8243; img_size=&#8220;large&#8220; alignment=&#8220;center&#8220; css=&#8220;&#8220;][\/vc_column][vc_column width=&#8220;3\/4&#8243;]<div id=\"ultimate-heading-398869d81c4a99cd6\" class=\"uvc-heading ult-adjust-bottom-margin ultimate-heading-398869d81c4a99cd6 uvc-8365  uvc-heading-default-font-sizes\" data-hspacer=\"line_only\"  data-halign=\"center\" style=\"text-align:center\"><div class=\"uvc-main-heading ult-responsive\"  data-ultimate-target='.uvc-heading.ultimate-heading-398869d81c4a99cd6 h3'  data-responsive-json-new='{\"font-size\":\"\",\"line-height\":\"\"}' ><h3 style=\"--font-weight:theme;margin-bottom:24px;\">EINE VISUELLE IDENTIT\u00c4T, DIE SIE UNTERSCHEIDET<\/h3><\/div><div class=\"uvc-heading-spacer line_only\" style=\"topheight:1px;\"><span class=\"uvc-headings-line\" style=\"border-style:solid;border-bottom-width:1px;border-color:#DD9933;width:200px;\"><\/span><\/div><\/div>[vc_empty_space][vc_column_text css=&#8220;&#8220;]<\/p>\n<h4 style=\"text-align: justify;\">Die visuelle Identit\u00e4t ist der erste Eindruck, den Sie bei Ihren Kunden und Partnern hinterlassen.<br \/>\nEin koh\u00e4rentes und professionelles Image ist entscheidend, um Aufmerksamkeit und Interesse zu wecken.<br \/>\nBei <strong>19 DIGITAL<\/strong> entwerfen wir einzigartige und eindrucksvolle visuelle Identit\u00e4ten f\u00fcr Sportmarken, damit sie sich in ihrer Branche von der Masse abheben k\u00f6nnen.<br \/>\nDies umfasst die Gestaltung von <strong>Logos<\/strong>, <strong>Grafiken<\/strong> und anderen <strong>visuellen Elementen<\/strong>, die f\u00fcr die Positionierung Ihres Unternehmens wichtig sind.   <\/h4>\n<p>[\/vc_column_text][\/vc_column][\/vc_row][vc_row css=&#8220;.vc_custom_1725875899039{padding-bottom: 96px !important;background-color: #FFFFFF !important;}&#8220; el_id=&#8220;Text auf Seite 1&#8243;][vc_column][vc_column_text css=&#8220;&#8220;]<\/p>\n<p style=\"text-align: justify;\">Wir beginnen mit einer <strong>gr\u00fcndlichen Analyse Ihrer Marke<\/strong>, Ihrer Geschichte und Ihrer Ziele.<br \/>\nDies erm\u00f6glicht uns, ma\u00dfgeschneiderte Grafiken zu entwerfen, die perfekt auf Ihre Werte und Ihre Botschaft abgestimmt sind.<br \/>\nJedes visuelle Element wird so gestaltet, dass es wiedererkennbar und markant ist, damit Ihre Marke in der Welt des Sports zu einer Referenz wird.  <\/p>\n<p style=\"text-align: justify;\">Unser Ziel ist es, <strong>eine Identit\u00e4t zu schaffen, die Vertrauen erweckt<\/strong> und Ihr Zielpublikum auf nat\u00fcrliche Weise anzieht.<br \/>\nMit <strong>19 DIGITAL<\/strong> erhalten Sie eine umfassende Expertise in Branding und Design, die sicherstellt, dass Ihr Markenimage dauerhaft ist und sich mit Ihrem Unternehmen entwickelt. <\/p>\n<p>[\/vc_column_text][\/vc_column][\/vc_row][vc_row bg_type=&#8220;bg_color&#8220; bg_override=&#8220;full&#8220; bg_color_value=&#8220;#052833C2&#8243; css=&#8220;.vc_custom_1725875907839{padding-top: 96px !important;}&#8220; el_id=&#8220;Titel2&#8243;][vc_column width=&#8220;1\/4&#8243; css=&#8220;.vc_custom_1725872198775{padding-bottom: 48px !important;}&#8220;][vc_single_image image=&#8220;3642&#8243; img_size=&#8220;large&#8220; alignment=&#8220;center&#8220; css=&#8220;&#8220;][\/vc_column][vc_column width=&#8220;3\/4&#8243;]<div id=\"ultimate-heading-637869d81c4a99d4d\" class=\"uvc-heading ult-adjust-bottom-margin ultimate-heading-637869d81c4a99d4d uvc-4115  uvc-heading-default-font-sizes\" data-hspacer=\"line_only\"  data-halign=\"center\" style=\"text-align:center\"><div class=\"uvc-main-heading ult-responsive\"  data-ultimate-target='.uvc-heading.ultimate-heading-637869d81c4a99d4d h3'  data-responsive-json-new='{\"font-size\":\"\",\"line-height\":\"\"}' ><h3 style=\"--font-weight:theme;color:#FFFFFF;margin-bottom:24px;\">OPTIMIEREN SIE IHRE DIGITALE KOMMUNIKATIONSSTRATEGIE<\/h3><\/div><div class=\"uvc-heading-spacer line_only\" style=\"topheight:1px;\"><span class=\"uvc-headings-line\" style=\"border-style:solid;border-bottom-width:1px;border-color:#DD9933;width:200px;\"><\/span><\/div><\/div>[vc_empty_space][vc_column_text css=&#8220;&#8220;]<\/p>\n<h4 style=\"text-align: justify;\"><span style=\"color: #ffffff;\">In einer digitalen Welt, die sich st\u00e4ndig weiterentwickelt, ist eine gut durchdachte Kommunikationsstrategie unerl\u00e4sslich, um wettbewerbsf\u00e4hig zu bleiben.<br \/>\nBei <strong>19 DIGITAL<\/strong> unterst\u00fctzen wir Sie bei der Entwicklung und Umsetzung einer <strong>digitalen Kommunikationsstrategie<\/strong>, die auf Ihre Ziele zugeschnitten ist.<br \/>\nOb Sie Ihren Bekanntheitsgrad steigern, Kunden binden oder neue Interessenten gewinnen wollen, wir entwickeln ma\u00dfgeschneiderte Kampagnen, die Ihre Ergebnisse maximieren.  <\/span><\/h4>\n<p>[\/vc_column_text][\/vc_column][\/vc_row][vc_row bg_type=&#8220;bg_color&#8220; bg_override=&#8220;full&#8220; css=&#8220;.vc_custom_1725875915896{padding-bottom: 96px !important;background-color: #FFFFFF !important;}&#8220; bg_color_value=&#8220;#052833C2&#8243; el_id=&#8220;Text auf Seite 2&#8243;][vc_column][vc_column_text css=&#8220;&#8220;]<\/p>\n<p style=\"text-align: justify;\"><span style=\"color: #ffffff;\">Wir nutzen einen <strong>Multi-Channel-Ansatz<\/strong>, indem wir <strong>soziale Netzwerke<\/strong>, <strong>E-Mail-Kampagnen<\/strong> und <strong>strategische Partnerschaften<\/strong> kombinieren, um Ihre Botschaften dort zu verbreiten, wo sich Ihre Zielgruppe aufh\u00e4lt.<br \/>\nJede Aktion ist darauf ausgelegt, Engagement zu erzeugen und Ihre Sichtbarkeit in konkrete Ergebnisse umzuwandeln.<br \/>\nUnsere Expertise im <strong>digitalen Marketing<\/strong> erm\u00f6glicht es Ihnen, agil zu bleiben und Ihre Kommunikation an die Markttrends und die Bed\u00fcrfnisse Ihres Publikums anzupassen.  <\/span><\/p>\n<p style=\"text-align: justify;\"><span style=\"color: #ffffff;\">Mit einer <strong>ma\u00dfgeschneiderten Strategie<\/strong> k\u00f6nnen Sie Ihre Zielgruppen genauer und relevanter erreichen.<br \/>\nBei <strong>19 DIGITAL<\/strong> stellen wir sicher, dass jede Kampagne auf Ihre gesch\u00e4ftlichen Ambitionen abgestimmt ist und dass Ihre Botschaften bei Ihrer Zielgruppe ankommen. <\/span><\/p>\n<p>[\/vc_column_text][\/vc_column][\/vc_row][vc_row css=&#8220;.vc_custom_1725875923388{padding-top: 96px !important;}&#8220; el_id=&#8220;Titel3&#8243;][vc_column width=&#8220;1\/4&#8243; css=&#8220;.vc_custom_1725870559738{padding-bottom: 48px !important;}&#8220;][vc_single_image image=&#8220;3648&#8243; img_size=&#8220;large&#8220; alignment=&#8220;center&#8220; css=&#8220;&#8220;][\/vc_column][vc_column width=&#8220;3\/4&#8243;]<div id=\"ultimate-heading-139569d81c4a99dbd\" class=\"uvc-heading ult-adjust-bottom-margin ultimate-heading-139569d81c4a99dbd uvc-9123  uvc-heading-default-font-sizes\" data-hspacer=\"line_only\"  data-halign=\"center\" style=\"text-align:center\"><div class=\"uvc-main-heading ult-responsive\"  data-ultimate-target='.uvc-heading.ultimate-heading-139569d81c4a99dbd h3'  data-responsive-json-new='{\"font-size\":\"\",\"line-height\":\"\"}' ><h3 style=\"--font-weight:theme;margin-bottom:24px;\">PRODUZIEREN SIE KLARE UND EINNEHMENDE BOTSCHAFTEN<\/h3><\/div><div class=\"uvc-heading-spacer line_only\" style=\"topheight:1px;\"><span class=\"uvc-headings-line\" style=\"border-style:solid;border-bottom-width:1px;border-color:#DD9933;width:200px;\"><\/span><\/div><\/div>[vc_empty_space][vc_column_text css=&#8220;&#8220;]<\/p>\n<h4 style=\"text-align: justify;\">Die Inhalte, die Sie verbreiten, sind das Herzst\u00fcck Ihrer Kommunikationsstrategie.<br \/>\nUm Aufmerksamkeit zu erregen und Ihr Publikum zu binden, ist es wichtig, <strong>klare, relevante und einnehmende Botschaften zu<\/strong> erstellen.<br \/>\nBei <strong>19 DIGITAL<\/strong> helfen wir Ihnen bei der Erstellung von Inhalten, die fesseln und Interessenten in loyale Kunden verwandeln.<br \/>\nWir sorgen daf\u00fcr, dass jedes Wort Ihre Glaubw\u00fcrdigkeit st\u00e4rkt und Ihre Marke aufwertet.   <\/h4>\n<p>[\/vc_column_text][\/vc_column][\/vc_row][vc_row css=&#8220;.vc_custom_1725875931248{background-color: #FFFFFF !important;}&#8220; el_id=&#8220;Text auf Seite 3&#8243;][vc_column][vc_column_text css=&#8220;&#8220;]<\/p>\n<p style=\"text-align: justify;\">Wir entwickeln ma\u00dfgeschneiderte <strong>Inhaltsstrategien<\/strong> f\u00fcr verschiedene Medien: <strong>soziale Netzwerke<\/strong>, <strong>Blogartikel<\/strong>, <strong>Newsletter<\/strong> und <strong>Werbekampagnen<\/strong>.<br \/>\nJeder Inhalt wird sorgf\u00e4ltig f\u00fcr SEO optimiert, um seine Reichweite zu maximieren und die Aufmerksamkeit Ihres Zielpublikums zu erregen.<br \/>\nEine gut orchestrierte Kommunikation baut eine dauerhafte Beziehung zu Ihren Kunden auf und f\u00fchrt zu Konversionen.  <\/p>\n<p style=\"text-align: justify;\">Wir verbreiten nicht nur Ihre Botschaften, sondern sorgen auch daf\u00fcr, dass sie mit Ihrer <strong>Markenidentit\u00e4t<\/strong> und Ihren Gesch\u00e4ftszielen in Einklang stehen.<br \/>\nBei <strong>19 DIGITAL<\/strong> tun wir alles, um sicherzustellen, dass Ihre Kommunikation Sie als einen der Hauptakteure auf Ihrem Markt positioniert. <\/p>\n<p>[\/vc_column_text][\/vc_column][\/vc_row]<\/p>\n<\/div>","protected":false},"excerpt":{"rendered":"<p>[vc_row][vc_column][\/vc_column][\/vc_row][vc_row css=&#8220;.vc_custom_1725875890336{padding-top: 96px !important;}&#8220; el_id=&#8220;Titel1&#8243;][vc_column width=&#8220;1\/4&#8243; css=&#8220;.vc_custom_1725870559738{padding-bottom: 48px !important;}&#8220;][vc_single_image image=&#8220;3637&#8243; img_size=&#8220;large&#8220; alignment=&#8220;center&#8220; css=&#8220;&#8220;][\/vc_column][vc_column width=&#8220;3\/4&#8243;][vc_empty_space][vc_column_text css=&#8220;&#8220;] Die visuelle Identit\u00e4t ist der erste Eindruck, den Sie bei Ihren Kunden und Partnern hinterlassen. Ein koh\u00e4rentes und professionelles Image ist entscheidend, um Aufmerksamkeit und Interesse zu wecken. Bei 19 DIGITAL entwerfen wir einzigartige und eindrucksvolle visuelle Identit\u00e4ten f\u00fcr Sportmarken,&hellip;<\/p>\n","protected":false},"author":1,"featured_media":0,"parent":0,"menu_order":0,"comment_status":"closed","ping_status":"closed","template":"template-microsite.php","meta":{"footnotes":""},"class_list":["post-3519","page","type-page","status-publish","hentry","description-off"],"_links":{"self":[{"href":"https:\/\/19digital.fr\/de\/wp-json\/wp\/v2\/pages\/3519","targetHints":{"allow":["GET"]}}],"collection":[{"href":"https:\/\/19digital.fr\/de\/wp-json\/wp\/v2\/pages"}],"about":[{"href":"https:\/\/19digital.fr\/de\/wp-json\/wp\/v2\/types\/page"}],"author":[{"embeddable":true,"href":"https:\/\/19digital.fr\/de\/wp-json\/wp\/v2\/users\/1"}],"replies":[{"embeddable":true,"href":"https:\/\/19digital.fr\/de\/wp-json\/wp\/v2\/comments?post=3519"}],"version-history":[{"count":7,"href":"https:\/\/19digital.fr\/de\/wp-json\/wp\/v2\/pages\/3519\/revisions"}],"predecessor-version":[{"id":3971,"href":"https:\/\/19digital.fr\/de\/wp-json\/wp\/v2\/pages\/3519\/revisions\/3971"}],"wp:attachment":[{"href":"https:\/\/19digital.fr\/de\/wp-json\/wp\/v2\/media?parent=3519"}],"curies":[{"name":"wp","href":"https:\/\/api.w.org\/{rel}","templated":true}]}}