{"id":3944,"date":"2024-09-09T12:14:21","date_gmt":"2024-09-09T10:14:21","guid":{"rendered":"https:\/\/19digital.fr\/prozessoptimierung\/"},"modified":"2024-09-12T10:45:21","modified_gmt":"2024-09-12T08:45:21","slug":"prozessoptimierung","status":"publish","type":"page","link":"https:\/\/19digital.fr\/de\/prozessoptimierung\/","title":{"rendered":"PROZESSOPTIMIERUNG"},"content":{"rendered":"<div class=\"wpb-content-wrapper\"><p>[vc_row][vc_column]<div id=\"ultimate-heading-739369dc3560d1a7f\" class=\"uvc-heading ult-adjust-bottom-margin ultimate-heading-739369dc3560d1a7f uvc-6131 \" data-hspacer=\"no_spacer\"  data-halign=\"center\" style=\"text-align:center\"><div class=\"uvc-heading-spacer no_spacer\" style=\"top\"><\/div><div class=\"uvc-main-heading ult-responsive\"  data-ultimate-target='.uvc-heading.ultimate-heading-739369dc3560d1a7f h1'  data-responsive-json-new='{\"font-size\":\"desktop:42px;mobile_landscape:34px;\",\"line-height\":\"desktop:52px;mobile_landscape:44px;\"}' ><h1 style=\"font-weight:bold;\">STEIGERN SIE DIE PRODUKTIVIT\u00c4T IHRER ORGANISATION<\/h1><\/div><\/div>[\/vc_column][\/vc_row][vc_row css=&#8220;.vc_custom_1725875890336{padding-top: 96px !important;}&#8220; el_id=&#8220;Titel1&#8243;][vc_column width=&#8220;1\/4&#8243; css=&#8220;.vc_custom_1725870559738{padding-bottom: 48px !important;}&#8220;][vc_single_image image=&#8220;1961&#8243; img_size=&#8220;large&#8220; alignment=&#8220;center&#8220; css=&#8220;&#8220;][\/vc_column][vc_column width=&#8220;3\/4&#8243;]<div id=\"ultimate-heading-573469dc3560d1b34\" class=\"uvc-heading ult-adjust-bottom-margin ultimate-heading-573469dc3560d1b34 uvc-8842  uvc-heading-default-font-sizes\" data-hspacer=\"line_only\"  data-halign=\"center\" style=\"text-align:center\"><div class=\"uvc-main-heading ult-responsive\"  data-ultimate-target='.uvc-heading.ultimate-heading-573469dc3560d1b34 h3'  data-responsive-json-new='{\"font-size\":\"\",\"line-height\":\"\"}' ><h3 style=\"--font-weight:theme;margin-bottom:24px;\">ANALYSE UND AUTOMATISIERUNG IHRER SCHL\u00dcSSELPROZESSE<\/h3><\/div><div class=\"uvc-heading-spacer line_only\" style=\"topheight:1px;\"><span class=\"uvc-headings-line\" style=\"border-style:solid;border-bottom-width:1px;border-color:#DD9933;width:200px;\"><\/span><\/div><\/div>[vc_empty_space][vc_column_text css=&#8220;&#8220;]<\/p>\n<h4 style=\"text-align: justify;\">Die Optimierung beginnt mit einer gr\u00fcndlichen Analyse Ihrer <strong>bestehenden Prozesse<\/strong>.<br \/>\nWir identifizieren Blockaden und Ineffizienzen, die die Produktivit\u00e4t Ihrer Organisation hemmen.<br \/>\nDurch eine detaillierte Bewertung helfen wir Ihnen zu verstehen, wo und wie Sie Ihre Abl\u00e4ufe verbessern k\u00f6nnen, um greifbare Ergebnisse zu erzielen.  <\/h4>\n<p>[\/vc_column_text][\/vc_column][\/vc_row][vc_row css=&#8220;.vc_custom_1725875899039{padding-bottom: 96px !important;background-color: #FFFFFF !important;}&#8220; el_id=&#8220;Text auf Seite 1&#8243;][vc_column][vc_column_text css=&#8220;&#8220;]<\/p>\n<p style=\"text-align: justify;\">Bei <strong>19 DIGITAL<\/strong> implementieren wir<strong>ma\u00dfgeschneiderte Automatisierungsl\u00f6sungen<\/strong>, um Ihre t\u00e4glichen Aufgaben zu vereinfachen und fl\u00fcssiger zu gestalten.<br \/>\nOb es sich um Datenverwaltung, interne Kommunikation oder Verkaufsprozesse handelt, unsere Tools reduzieren Fehler, beschleunigen Arbeitszyklen und geben Ihrem Team Zeit, sich auf wertsch\u00f6pfende Aufgaben zu konzentrieren. <\/p>\n<p style=\"text-align: justify;\">Durch die Automatisierung Ihrer Prozesse steigern Sie nicht nur Ihre Produktivit\u00e4t, sondern auch die Zufriedenheit Ihrer Mitarbeiter, die effizienter und komfortabler arbeiten k\u00f6nnen.<br \/>\nMit <strong>19 DIGITAL<\/strong> gew\u00e4hrleisten Sie einen reibungslosen \u00dcbergang zu moderneren Arbeitsmethoden und steigern gleichzeitig die Rentabilit\u00e4t Ihres Unternehmens. <\/p>\n<p>[\/vc_column_text][\/vc_column][\/vc_row][vc_row bg_type=&#8220;bg_color&#8220; bg_override=&#8220;full&#8220; bg_color_value=&#8220;#052833C2&#8243; css=&#8220;.vc_custom_1725875907839{padding-top: 96px !important;}&#8220; el_id=&#8220;Titel2&#8243;][vc_column width=&#8220;1\/4&#8243; css=&#8220;.vc_custom_1725872198775{padding-bottom: 48px !important;}&#8220;][vc_single_image image=&#8220;3657&#8243; img_size=&#8220;large&#8220; alignment=&#8220;center&#8220; css=&#8220;&#8220;][\/vc_column][vc_column width=&#8220;3\/4&#8243;]<div id=\"ultimate-heading-524269dc3560d1bc4\" class=\"uvc-heading ult-adjust-bottom-margin ultimate-heading-524269dc3560d1bc4 uvc-697  uvc-heading-default-font-sizes\" data-hspacer=\"line_only\"  data-halign=\"center\" style=\"text-align:center\"><div class=\"uvc-main-heading ult-responsive\"  data-ultimate-target='.uvc-heading.ultimate-heading-524269dc3560d1bc4 h3'  data-responsive-json-new='{\"font-size\":\"\",\"line-height\":\"\"}' ><h3 style=\"--font-weight:theme;color:#FFFFFF;margin-bottom:24px;\">OPTIMIERUNG IHRES INFORMATIONS- UND KOMMUNIKATIONSFLUSSES<\/h3><\/div><div class=\"uvc-heading-spacer line_only\" style=\"topheight:1px;\"><span class=\"uvc-headings-line\" style=\"border-style:solid;border-bottom-width:1px;border-color:#DD9933;width:200px;\"><\/span><\/div><\/div>[vc_empty_space][vc_column_text css=&#8220;&#8220;]<\/p>\n<h4 style=\"text-align: justify;\"><span style=\"color: #ffffff;\">Das Informationsmanagement ist ein Schl\u00fcsselelement f\u00fcr die Gew\u00e4hrleistung eines reibungslosen Betriebsablaufs.<br \/>\nEin <strong>schlechter Informationsfluss<\/strong> kann zu Verz\u00f6gerungen, Missverst\u00e4ndnissen und geringerer Produktivit\u00e4t f\u00fchren.<br \/>\nBei <strong>19 DIGITAL<\/strong> setzen wir die richtigen Werkzeuge ein, um einen <strong>reibungslosen<\/strong> und strukturierten <strong>Informationsfluss<\/strong> innerhalb Ihres Unternehmens zu gew\u00e4hrleisten.  <\/span><\/h4>\n<p>[\/vc_column_text][\/vc_column][\/vc_row][vc_row bg_type=&#8220;bg_color&#8220; bg_override=&#8220;full&#8220; css=&#8220;.vc_custom_1725875915896{padding-bottom: 96px !important;background-color: #FFFFFF !important;}&#8220; bg_color_value=&#8220;#052833C2&#8243; el_id=&#8220;Text auf Seite 2&#8243;][vc_column][vc_column_text css=&#8220;&#8220;]<\/p>\n<p style=\"text-align: justify;\"><span style=\"color: #ffffff;\">Wir helfen Ihnen bei der Implementierung von <strong>L\u00f6sungen f\u00fcr die interne Kommunikation<\/strong>, die es Ihren Teams erm\u00f6glichen, miteinander in Verbindung zu bleiben, sei es durch Kooperationsplattformen, Projektmanagement-Tools oder Systeme zur Verfolgung von Aufgaben.<br \/>\nDies gew\u00e4hrleistet eine bessere Koordination zwischen den verschiedenen Abteilungen, einen schnelleren Informationsaustausch und eine effizientere Durchf\u00fchrung von Projekten. <\/span><\/p>\n<p style=\"text-align: justify;\"><span style=\"color: #ffffff;\">Durch die Optimierung der <strong>Kommunikation<\/strong> und <strong>des Informationsflusses<\/strong> schaffen Sie ein reaktionsf\u00e4higeres und besser strukturiertes Arbeitsumfeld, das die Agilit\u00e4t und Wettbewerbsf\u00e4higkeit Ihrer Organisation st\u00e4rkt. <strong>19 DIGITAL<\/strong> unterst\u00fctzt Sie bei diesem \u00dcbergang, um konkrete Ergebnisse zu gew\u00e4hrleisten.<\/span><\/p>\n<p>[\/vc_column_text][\/vc_column][\/vc_row][vc_row css=&#8220;.vc_custom_1725875923388{padding-top: 96px !important;}&#8220; el_id=&#8220;Titel3&#8243;][vc_column width=&#8220;1\/4&#8243; css=&#8220;.vc_custom_1725870559738{padding-bottom: 48px !important;}&#8220;][vc_single_image image=&#8220;1965&#8243; img_size=&#8220;large&#8220; alignment=&#8220;center&#8220; css=&#8220;&#8220;][\/vc_column][vc_column width=&#8220;3\/4&#8243;]<div id=\"ultimate-heading-95569dc3560d1c48\" class=\"uvc-heading ult-adjust-bottom-margin ultimate-heading-95569dc3560d1c48 uvc-681  uvc-heading-default-font-sizes\" data-hspacer=\"line_only\"  data-halign=\"center\" style=\"text-align:center\"><div class=\"uvc-main-heading ult-responsive\"  data-ultimate-target='.uvc-heading.ultimate-heading-95569dc3560d1c48 h3'  data-responsive-json-new='{\"font-size\":\"\",\"line-height\":\"\"}' ><h3 style=\"--font-weight:theme;margin-bottom:24px;\">RATIONALISIEREN SIE IHREN BETRIEB MIT HILFE DER NEUESTEN TECHNOLOGIEN<\/h3><\/div><div class=\"uvc-heading-spacer line_only\" style=\"topheight:1px;\"><span class=\"uvc-headings-line\" style=\"border-style:solid;border-bottom-width:1px;border-color:#DD9933;width:200px;\"><\/span><\/div><\/div>[vc_empty_space][vc_column_text css=&#8220;&#8220;]<\/p>\n<h4 style=\"text-align: justify;\">Moderne Technologien bieten leistungsf\u00e4hige L\u00f6sungen zur <strong>Rationalisierung Ihrer Abl\u00e4ufe<\/strong> und zur Verbesserung der Verwaltung Ihrer Prozesse.<br \/>\nBei <strong>19 DIGITAL<\/strong> integrieren wir digitale Tools, die komplexe Aufgaben vereinfachen, Ressourcen besser verwalten und Ihren Betrieb transparenter und effizienter machen. <\/h4>\n<p>[\/vc_column_text][\/vc_column][\/vc_row][vc_row css=&#8220;.vc_custom_1725875931248{background-color: #FFFFFF !important;}&#8220; el_id=&#8220;Text auf Seite 3&#8243;][vc_column][vc_column_text css=&#8220;&#8220;]<\/p>\n<p style=\"text-align: justify;\">Wir arbeiten an der Implementierung <strong>ma\u00dfgeschneiderter IT-L\u00f6sungen<\/strong>, die sich nahtlos in Ihre Arbeitsumgebung einf\u00fcgen und Ihre spezifischen Bed\u00fcrfnisse ber\u00fccksichtigen.<br \/>\nOb Sie nun Projektmanagementsoftware, Tools zur Leistungsanalyse oder CRM-Plattformen ben\u00f6tigen, wir liefern Ihnen die L\u00f6sungen, die Ihnen die Verwaltung Ihres Gesch\u00e4ftsbetriebs erleichtern. <\/p>\n<p style=\"text-align: justify;\">Mit unserem Fachwissen in <strong>IT und digitalem Marketing<\/strong> helfen wir Ihnen, die neuesten Technologien zu nutzen, um Kosten zu senken, die Zusammenarbeit zwischen Ihren Teams zu verbessern und Ihr t\u00e4gliches Management zu optimieren.<br \/>\nDurch die Straffung Ihrer Prozesse gewinnen Sie an Agilit\u00e4t und k\u00f6nnen so besser auf die Erwartungen des Marktes reagieren und Ihre Wettbewerbsf\u00e4higkeit steigern. <\/p>\n<p>[\/vc_column_text][\/vc_column][\/vc_row]<\/p>\n<\/div>","protected":false},"excerpt":{"rendered":"<p>[vc_row][vc_column][\/vc_column][\/vc_row][vc_row css=&#8220;.vc_custom_1725875890336{padding-top: 96px !important;}&#8220; el_id=&#8220;Titel1&#8243;][vc_column width=&#8220;1\/4&#8243; css=&#8220;.vc_custom_1725870559738{padding-bottom: 48px !important;}&#8220;][vc_single_image image=&#8220;1961&#8243; img_size=&#8220;large&#8220; alignment=&#8220;center&#8220; css=&#8220;&#8220;][\/vc_column][vc_column width=&#8220;3\/4&#8243;][vc_empty_space][vc_column_text css=&#8220;&#8220;] Die Optimierung beginnt mit einer gr\u00fcndlichen Analyse Ihrer bestehenden Prozesse. Wir identifizieren Blockaden und Ineffizienzen, die die Produktivit\u00e4t Ihrer Organisation hemmen. Durch eine detaillierte Bewertung helfen wir Ihnen zu verstehen, wo und wie Sie Ihre Abl\u00e4ufe verbessern k\u00f6nnen, um greifbare&hellip;<\/p>\n","protected":false},"author":1,"featured_media":0,"parent":0,"menu_order":0,"comment_status":"closed","ping_status":"closed","template":"template-microsite.php","meta":{"footnotes":""},"class_list":["post-3944","page","type-page","status-publish","hentry","description-off"],"_links":{"self":[{"href":"https:\/\/19digital.fr\/de\/wp-json\/wp\/v2\/pages\/3944","targetHints":{"allow":["GET"]}}],"collection":[{"href":"https:\/\/19digital.fr\/de\/wp-json\/wp\/v2\/pages"}],"about":[{"href":"https:\/\/19digital.fr\/de\/wp-json\/wp\/v2\/types\/page"}],"author":[{"embeddable":true,"href":"https:\/\/19digital.fr\/de\/wp-json\/wp\/v2\/users\/1"}],"replies":[{"embeddable":true,"href":"https:\/\/19digital.fr\/de\/wp-json\/wp\/v2\/comments?post=3944"}],"version-history":[{"count":2,"href":"https:\/\/19digital.fr\/de\/wp-json\/wp\/v2\/pages\/3944\/revisions"}],"predecessor-version":[{"id":3948,"href":"https:\/\/19digital.fr\/de\/wp-json\/wp\/v2\/pages\/3944\/revisions\/3948"}],"wp:attachment":[{"href":"https:\/\/19digital.fr\/de\/wp-json\/wp\/v2\/media?parent=3944"}],"curies":[{"name":"wp","href":"https:\/\/api.w.org\/{rel}","templated":true}]}}