{"id":2291,"date":"2019-12-09T09:29:29","date_gmt":"2019-12-09T08:29:29","guid":{"rendered":"https:\/\/19digital.fr\/terms-of-use\/"},"modified":"2024-08-22T08:58:01","modified_gmt":"2024-08-22T06:58:01","slug":"terms-of-use","status":"publish","type":"page","link":"https:\/\/19digital.fr\/en\/terms-of-use\/","title":{"rendered":"Terms of use"},"content":{"rendered":"<div class=\"wpb-content-wrapper\"><p>[vc_row][vc_column][vc_column_text]<\/p>\n<h1 style=\"text-align: justify;\"><strong>Terms of use<\/strong><\/h1>\n<p style=\"text-align: justify;\"><strong>Site editor<\/strong><\/p>\n<p style=\"text-align: justify;\">The 19digital.fr website is published by :<\/p>\n<p style=\"text-align: justify;\">Company name: 19 DIGITAL<\/p>\n<p style=\"text-align: justify;\">Head office: 1 impasse du Palais 37000 TOURS<\/p>\n<p style=\"text-align: justify;\">RCS : TOURS<\/p>\n<p style=\"text-align: justify;\">SIRET : 83955973900017<\/p>\n<p style=\"text-align: justify;\">VAT NO.: FR24839559739<\/p>\n<p style=\"text-align: justify;\">Publication Manager: Philippe Gorce<\/p>\n<p style=\"text-align: justify;\">Contact address: 1 impasse du Palais 37000 TOURS<\/p>\n<p style=\"text-align: justify;\"><strong>Site host<\/strong><\/p>\n<p style=\"text-align: justify;\">The 19digital.fr website is hosted by :<\/p>\n<p style=\"text-align: justify;\">Soci\u00e9t\u00e9 Ligne Web Services 10 rue Penthi\u00e8vre 75008 Paris FRANCE<\/p>\n<p style=\"text-align: justify;\"><strong>Personal data<\/strong><\/p>\n<p style=\"text-align: justify;\">You can access the terms and conditions for the collection and processing of your personal data via the site&#8217;s privacy policy, at the following address: 19 DIGITAL 1 impasse du Palais 37000 TOURS<\/p>\n<p style=\"text-align: justify;\">Consumer disputes<\/p>\n<p style=\"text-align: justify;\">In the event of a dispute with 19 DIGITAL, you will find the contact details of the consumer ombudsman in the general terms and conditions of the site, at the following address: 19 DIGITAL 1 impasse du Palais 37000 TOURS<\/p>\n<p style=\"text-align: justify;\">Intellectual Property<\/p>\n<p style=\"text-align: justify;\">This site, its brands, its databases and all of its content are the exclusive property of 19 DIGITAL or its partners. Any total or partial reproduction or representation of these elements by any process whatsoever, without the express prior written authorization of 19 DIGITAL is prohibited and constitutes an infringement punishable under criminal and civil law by the Intellectual Property Code.<\/p>\n<p style=\"text-align: justify;\"><strong>Credits<\/strong><\/p>\n<p style=\"text-align: justify;\">19 DIGITAL<\/p>\n<p>[\/vc_column_text][\/vc_column][\/vc_row]<\/p>\n<\/div>","protected":false},"excerpt":{"rendered":"<p>[vc_row][vc_column][vc_column_text] Terms of use Site editor The 19digital.fr website is published by : Company name: 19 DIGITAL Head office: 1 impasse du Palais 37000 TOURS RCS : TOURS SIRET : 83955973900017 VAT NO.: FR24839559739 Publication Manager: Philippe Gorce Contact address: 1 impasse du Palais 37000 TOURS Site host The 19digital.fr website is hosted by :&hellip;<\/p>\n","protected":false},"author":1,"featured_media":0,"parent":0,"menu_order":0,"comment_status":"closed","ping_status":"closed","template":"template-microsite.php","meta":{"footnotes":""},"class_list":["post-2291","page","type-page","status-publish","hentry","description-off"],"_links":{"self":[{"href":"https:\/\/19digital.fr\/en\/wp-json\/wp\/v2\/pages\/2291","targetHints":{"allow":["GET"]}}],"collection":[{"href":"https:\/\/19digital.fr\/en\/wp-json\/wp\/v2\/pages"}],"about":[{"href":"https:\/\/19digital.fr\/en\/wp-json\/wp\/v2\/types\/page"}],"author":[{"embeddable":true,"href":"https:\/\/19digital.fr\/en\/wp-json\/wp\/v2\/users\/1"}],"replies":[{"embeddable":true,"href":"https:\/\/19digital.fr\/en\/wp-json\/wp\/v2\/comments?post=2291"}],"version-history":[{"count":6,"href":"https:\/\/19digital.fr\/en\/wp-json\/wp\/v2\/pages\/2291\/revisions"}],"predecessor-version":[{"id":2300,"href":"https:\/\/19digital.fr\/en\/wp-json\/wp\/v2\/pages\/2291\/revisions\/2300"}],"wp:attachment":[{"href":"https:\/\/19digital.fr\/en\/wp-json\/wp\/v2\/media?parent=2291"}],"curies":[{"name":"wp","href":"https:\/\/api.w.org\/{rel}","templated":true}]}}